{"id":1997,"date":"2021-10-11T10:27:50","date_gmt":"2021-10-11T03:27:50","guid":{"rendered":"https:\/\/tlmarine.vn\/?page_id=1997"},"modified":"2023-06-08T11:08:24","modified_gmt":"2023-06-08T04:08:24","slug":"tuyen-dung","status":"publish","type":"page","link":"https:\/\/old.tlmarine.vn\/?page_id=1997","title":{"rendered":"TUY\u1ec2N D\u1ee4NG"},"content":{"rendered":"\n<figure class=\"wp-block-image size-large\"><img loading=\"lazy\" decoding=\"async\" width=\"1024\" height=\"573\" src=\"https:\/\/tlmarine.vn\/wp-content\/uploads\/2021\/11\/0c3830f68fe547bb1ef4-1024x573.jpg\" alt=\"\" class=\"wp-image-2150\" srcset=\"https:\/\/old.tlmarine.vn\/wp-content\/uploads\/2021\/11\/0c3830f68fe547bb1ef4-1024x573.jpg 1024w, https:\/\/old.tlmarine.vn\/wp-content\/uploads\/2021\/11\/0c3830f68fe547bb1ef4-300x168.jpg 300w, https:\/\/old.tlmarine.vn\/wp-content\/uploads\/2021\/11\/0c3830f68fe547bb1ef4-768x430.jpg 768w, https:\/\/old.tlmarine.vn\/wp-content\/uploads\/2021\/11\/0c3830f68fe547bb1ef4-1144x640.jpg 1144w, https:\/\/old.tlmarine.vn\/wp-content\/uploads\/2021\/11\/0c3830f68fe547bb1ef4.jpg 1280w\" sizes=\"auto, (max-width: 1024px) 100vw, 1024px\" \/><figcaption class=\"wp-element-caption\">Join our team<\/figcaption><\/figure>\n\n\n\n<p>Tham gia \u0111\u1ea3m b\u1ea3o an ninh n\u0103ng l\u01b0\u1ee3ng Qu\u1ed1c gia; \u0111\u00e1p \u1ee9ng t\u1ed1t nh\u1ea5t nhu c\u1ea7u d\u1ecbch v\u1ee5 v\u1eadn t\u1ea3i v\u00e0 h\u00e0ng h\u1ea3i d\u1ea7u kh\u00ed; ch\u0103m lo \u0111\u1eddi s\u1ed1ng CBCNV; \u0111\u1ea3m b\u1ea3o quy\u1ec1n l\u1ee3i c\u1ed5 \u0111\u00f4ng v\u00e0 \u0111\u00f3ng g\u00f3p cho x\u00e3 h\u1ed9i.<\/p>\n\n\n\n<p>L\u00e0 m\u1ed9t \u0111\u01a1n v\u1ecb th\u00e0nh vi\u00ean c\u1ee7a PVTrans, Thang Long Maritime ho\u1ea1t \u0111\u1ed9ng trong l\u0129nh v\u1ef1c v\u1eadn t\u1ea3i d\u1ea7u s\u1ea3n ph\u1ea9m, h\u00f3a ch\u1ea5t, d\u1ecbch v\u1ee5 \u0110\u1ea1i l\u00fd H\u00e0ng h\u1ea3i, Logistics v\u00e0 c\u00e1c d\u1ecbch v\u1ee5 gi\u00e1 tr\u1ecb gia t\u0103ng kh\u00e1c. Ch\u00fang t\u00f4i lu\u00f4n c\u1ea3i thi\u1ec7n m\u00f4i tr\u01b0\u1eddng l\u00e0m vi\u1ec7c chuy\u00ean nghi\u1ec7p c\u1ee7a m\u00ecnh v\u1edbi nhi\u1ec1u c\u01a1 h\u1ed9i th\u0103ng ti\u1ebfn, ch\u1ebf \u0111\u1ed9 ph\u00fac l\u1ee3i t\u1ed1t cho c\u00e1n b\u1ed9, nh\u00e2n vi\u00ean v\u00e0 thuy\u1ec1n vi\u00ean.<\/p>\n\n\n\n<p>Nh\u1eb1m ti\u1ebfp t\u1ee5c x\u00e2y d\u1ef1ng \u0111\u1ed9i ng\u0169 ph\u1ee5c v\u1ee5 chi\u1ebfn l\u01b0\u1ee3c ph\u00e1t tri\u1ec3n v\u00e0 m\u1edf r\u1ed9ng ho\u1ea1t \u0111\u1ed9ng s\u1ea3n xu\u1ea5t kinh doanh c\u1ee7a C\u00f4ng ty, c\u00fang t\u00f4i \u0111ang c\u1ea7n tuy\u1ec3n d\u1ee5ng c\u00e1c ch\u1ee9c danh sau:<\/p>\n\n\n\n<p><strong>I. CBNV b\u1ed9 m\u00e1y \u0111i\u1ec1u h\u00e0nh:<\/strong><\/p>\n\n\n\n<ol class=\"wp-block-list\">\n<li>Gi\u00e1m s\u00e1t an to\u00e0n (Supt. ATPC): 01<\/li>\n\n\n\n<li>Chuy\u00ean vi\u00ean Thuy\u1ec1n vi\u00ean: 01<\/li>\n<\/ol>\n\n\n\n<p>Y\u00eau c\u1ea7u c\u01a1 b\u1ea3n \u0111\u1ed1i v\u1edbi ch\u1ee9c danh Gi\u00e1m s\u00e1t an to\u00e0n: <\/p>\n\n\n\n<ul class=\"wp-block-list\">\n<li>Chuy\u00ean m\u00f4n: \u0110i\u1ec1u khi\u1ec3n t\u00e0u bi\u1ec3n (Navigation).<\/li>\n\n\n\n<li>Ngo\u1ea1i ng\u1eef: S\u1eed d\u1ee5ng th\u00e0nh th\u1ea1o Ti\u1ebfng Anh (tr\u00ecnh \u0111\u1ed9 B\/t\u01b0\u01a1ng \u0111\u01b0\u01a1ng tr\u1edf l\u00ean).<\/li>\n\n\n\n<li>K\u1ef9 n\u0103ng m\u00e1y t\u00ednh: S\u1eed d\u1ee5ng th\u00e0nh th\u1ea1o vi t\u00ednh v\u0103n ph\u00f2ng v\u00e0 c\u00e1c ph\u1ea7n m\u1ec1m qu\u1ea3n l\u00fd.<\/li>\n\n\n\n<li>Kinh nghi\u1ec7m: \u0110\u00e3 c\u00f3 kinh nghi\u1ec7m l\u00e0m Marine Supt ho\u1eb7c Deck Officer.<\/li>\n\n\n\n<li>\u0110\u1ed9 tu\u1ed5i: T\u1eeb 30 &#8211; 45 tu\u1ed5i.<\/li>\n\n\n\n<li>Nhi\u1ec7m v\u1ee5 ch\u00ednh: Gi\u00e1m s\u00e1t an to\u00e0n cho \u0111\u1ed9i t\u00e0u, h\u1ed7 tr\u1ee3 CDI &amp; SIRE vetting. C\u1ee5 th\u1ec3:\n<ul class=\"wp-block-list\">\n<li><em>L\u1eadp b\u1ea3ng theo d\u00f5i t\u1ed5ng h\u1ee3p to\u00e0n b\u1ed9 h\u1ed3 s\u01a1 gi\u1ea5y t\u1edd t\u00e0u v\u00e0 th\u00f4ng b\u00e1o k\u1ecbp th\u1eddi \u0111\u1ebfn c\u00e1c ph\u00f2ng ch\u1ee9c n\u0103ng x\u1eed l\u00fd c\u00e1c GCN s\u1eafp h\u1ebft h\u1ea1n. Ch\u1ecbu tr\u00e1ch nhi\u1ec7m qu\u1ea3n l\u00fd to\u00e0n b\u1ed9 h\u1ed3 s\u01a1 ph\u00e1p l\u00fd v\u00e0 gi\u1ea5y ch\u1ee9ng nh\u1eadn c\u1ee7a \u0111\u1ed9i t\u00e0u. Tr\u1ef1c ti\u1ebfp li\u00ean h\u1ec7 v\u1edbi Ch\u00ednh ph\u1ee7 t\u00e0u mang c\u1edd xin c\u1ea5p c\u00e1c gi\u1ea5y ch\u1ee9ng nh\u1eadn do Ch\u00ednh quy\u1ec1n h\u00e0nh ch\u00e1nh c\u1ea5p c\u00e1c GCN thu\u1ed9c ph\u1ea1m vi ph\u00f2ng qu\u1ea3n l\u00fd<\/em>.<\/li>\n\n\n\n<li><em>Chu\u1ea9n b\u1ecb, t\u1ed5 ch\u1ee9c v\u00e0 tri\u1ec3n khai m\u1eddi Oil major vetting t\u00e0u<\/em>.<\/li>\n\n\n\n<li><em>C\u1eadp nh\u1eadt Q88, HVPQ, Crew Matrix, TMSA cho c\u00e1c t\u00e0u<\/em>.<\/li>\n\n\n\n<li><em>Theo d\u00f5i, c\u1eadp nh\u1eadt, gi\u00e1m s\u00e1t, tri\u1ec3n khai \u00e1p d\u1ee5ng v\u00e0 th\u00f4ng b\u00e1o c\u00e1c th\u00f4ng tin v\u1ec1 quy \u0111\u1ecbnh c\u1ee7a Vi\u1ec7t Nam, Qu\u1ed1c t\u1ebf v\u1ec1 h\u00e0ng h\u1ea3i cho ph\u00f2ng ban C\u00f4ng ty, \u0111\u1ed9i t\u00e0u<\/em>.<\/li>\n\n\n\n<li><em>\u0110\u1ea7u m\u1ed1i gi\u1ea3i quy\u1ebft c\u00e1c v\u1ea5n \u0111\u1ec1 an to\u00e0n li\u00ean quan \u0111\u1ebfn c\u00e1c ho\u1ea1t \u0111\u1ed9ng h\u00e0ng h\u1ea3i c\u1ee7a C\u00f4ng ty;<\/em><\/li>\n\n\n\n<li><em>Qu\u1ea3n l\u00fd, l\u01b0u tr\u1eef t\u00e0i li\u1ec7u c\u1ee7a b\u1ed9 ph\u1eadn, c\u1ee7a ph\u00f2ng<\/em>.<\/li>\n\n\n\n<li><em>Tu\u00e2n th\u1ee7 c\u00e1c quy \u0111\u1ecbnh c\u1ee7a ph\u00e1p lu\u1eadt v\u00e0 c\u00e1c quy \u0111\u1ecbnh c\u1ee7a c\u00f4ng ty<\/em>.<\/li>\n\n\n\n<li><em>Th\u1ef1c hi\u1ec7n c\u00e1c nhi\u1ec7m v\u1ee5 kh\u00e1c do L\u00e3nh \u0111\u1ea1o ph\u00f2ng ph\u00e2n c\u00f4ng<\/em>.<\/li>\n<\/ul>\n<\/li>\n<\/ul>\n\n\n\n<p>Y\u00eau c\u1ea7u c\u01a1 b\u1ea3n \u0111\u1ed1i v\u1edbi ch\u1ee9c danh Chuy\u00ean vi\u00ean Thuy\u1ec1n vi\u00ean:<\/p>\n\n\n\n<ul class=\"wp-block-list\">\n<li>Chuy\u00ean m\u00f4n: Qu\u1ea3n l\u00fd ngu\u1ed3n nh\u00e2n l\u1ef1c, H\u00e0ng h\u1ea3i, K\u1ef9 thu\u1eadt t\u00e0u bi\u1ec3n, Lu\u1eadt.<\/li>\n\n\n\n<li>Ngo\u1ea1i ng\u1eef: S\u1eed d\u1ee5ng th\u00e0nh th\u1ea1o Ti\u1ebfng Anh (tr\u00ecnh \u0111\u1ed9 B\/t\u01b0\u01a1ng \u0111\u01b0\u01a1ng tr\u1edf l\u00ean).<\/li>\n\n\n\n<li>Kinh nghi\u1ec7m: \u01afu ti\u00ean kinh nghi\u1ec7m trong l\u0129nh v\u1ef1c qu\u1ea3n l\u00fd thuy\u1ec1n vi\u00ean.<\/li>\n\n\n\n<li>\u0110\u1ed9 tu\u1ed5i: T\u1eeb 22 -30 tu\u1ed5i.<\/li>\n\n\n\n<li>Nhi\u1ec7m v\u1ee5 ch\u00ednh:\n<ul class=\"wp-block-list\">\n<li><em>Tuy\u1ec3n d\u1ee5ng thuy\u1ec1n vi\u00ean: Th\u00f4ng b\u00e1o, t\u00ecm ki\u1ebfm, l\u1eadp danh s\u00e1ch, ki\u1ec3m tra GCN, s\u1eafp x\u1ebfp h\u1ed3 s\u01a1, l\u1eadp k\u1ebf ho\u1ea1ch ph\u1ecfng v\u1ea5n c\u00e1c thuy\u1ec1n vi\u00ean d\u1ef1 tuy\u1ec3n.<\/em><\/li>\n\n\n\n<li><em>So\u1ea1n th\u1ea3o h\u1ee3p \u0111\u1ed3ng lao \u0111\u1ed9ng, h\u1ee3p \u0111\u1ed3ng MLC, h\u1ee3p \u0111\u1ed3ng tr\u00e1ch nhi\u1ec7m c\u00e1c quy\u1ebft \u0111\u1ecbnh ti\u1ebfp nh\u1eadn, \u0111i\u1ec1u \u0111\u1ed3ng \u0111\u1ed1i v\u1edbi thuy\u1ec1n vi\u00ean.<\/em><\/li>\n\n\n\n<li><em>Theo d\u00f5i, qu\u1ea3n l\u00fd, c\u1eadp nh\u1eadt v\u00e0 gia h\u1ea1n c\u00e1c gi\u1ea5y t\u1edd, b\u1eb1ng c\u1ea5p \u0111i bi\u1ec3n c\u1ee7a t\u1eebng thuy\u1ec1n vi\u00ean (bao g\u1ed3m b\u1eb1ng c\u1ea5p ch\u00ednh \u0111\u1ed1i v\u1edbi thuy\u1ec1n vi\u00ean d\u1ef1 tr\u1eef v\u00e0 b\u1eb1ng c\u1ea5p photo \u0111\u1ed1i v\u1edbi thuy\u1ec1n vi\u00ean c\u00f4ng t\u00e1c tr\u00ean t\u00e0u) \u0111\u1ea3m b\u1ea3o lu\u00f4n \u0111\u1ea7y \u0111\u1ee7 v\u00e0 c\u00f2n hi\u1ec7u l\u1ef1c, s\u1eb5n s\u00e0ng c\u00f4ng t\u00e1c.<\/em><\/li>\n\n\n\n<li><em>C\u1eadp nh\u1eadt c\u00e1c ch\u00ednh s\u00e1ch, quy \u0111\u1ecbnh m\u1edbi c\u1ee7a nh\u00e0 n\u01b0\u1edbc c\u00f3 li\u00ean quan v\u00e0 c\u00e1c c\u00f4ng \u01b0\u1edbc, quy \u0111\u1ecbnh, ngh\u1ecb quy\u1ebft c\u1ee7a c\u00e1c t\u1ed5 ch\u1ee9c qu\u1ed1c t\u1ebf thu\u1ed9c chuy\u00ean ng\u00e0nh li\u00ean quan \u0111\u1ebfn thuy\u1ec1n vi\u00ean.<\/em><\/li>\n\n\n\n<li><em>Thu th\u1eadp, th\u1ed1ng k\u00ea, ch\u1ea5m c\u00f4ng v\u00e0 theo d\u00f5i l\u01b0\u01a1ng cho thuy\u1ec1n vi\u00ean d\u1ef1 tr\u1eef v\u00e0 \u0111\u1ed9i t\u00e0u.<\/em><\/li>\n\n\n\n<li><em>T\u01b0 v\u1ea5n cho L\u00e3nh \u0111\u1ea1o ph\u00f2ng c\u00e1c ch\u00ednh s\u00e1ch, ch\u1ebf \u0111\u1ed9 \u0111\u00e3i ng\u1ed9, c\u00f4ng \u0111o\u00e0n c\u1ee7a thuy\u1ec1n vi\u00ean. K\u1ebft h\u1ee3p v\u1edbi ph\u00f2ng TCKT v\u00e0 c\u00e1c ph\u00f2ng ch\u1ee9c n\u0103ng li\u00ean quan \u0111\u1ec3 th\u1ef1c hi\u1ec7n c\u00f4ng t\u00e1c BHXH, BHYT, MST c\u00e1 nh\u00e2n, mi\u1ec5n tr\u1eeb gia c\u1ea3nh\u2026v\u00e0 c\u00e1c ch\u1ebf \u0111\u1ed9, ch\u00ednh s\u00e1ch cho thuy\u1ec1n vi\u00ean.<\/em><\/li>\n\n\n\n<li><em>Mua s\u1eafm, qu\u1ea3n l\u00fd v\u00e0 c\u1ea5p ph\u00e1t b\u1ea3o h\u1ed9 lao \u0111\u1ed9ng cho thuy\u1ec1n vi\u00ean v\u00e0 c\u00e1c c\u00e1n b\u1ed9 C\u00f4ng ty l\u00ean t\u00e0u l\u00e0m vi\u1ec7c.<\/em><\/li>\n\n\n\n<li><em>L\u1eadp k\u1ebf ho\u1ea1ch theo qu\u00fd, n\u0103m cho c\u00f4ng t\u00e1c \u0111i\u1ec1u \u0111\u1ed9ng, thay ca thuy\u1ec1n vi\u00ean.<\/em><\/li>\n\n\n\n<li><em>L\u1eadp k\u1ebf ho\u1ea1ch theo qu\u00fd, n\u0103m cho c\u00f4ng t\u00e1c \u0111i\u1ec1u \u0111\u1ed9ng, thay ca thuy\u1ec1n vi\u00ean.<\/em><\/li>\n\n\n\n<li><em>Tr\u1ef1c ti\u1ebfp giao d\u1ecbch v\u1edbi \u0111\u1ea1i l\u00fd, ph\u00f2ng li\u00ean quan trong vi\u1ec7c tri\u1ec3n khai c\u00f4ng t\u00e1c \u0111i\u1ec1u \u0111\u1ed9ng, thay ca. Theo d\u00f5i li\u00ean t\u1ee5c cho \u0111\u1ebfn khi thuy\u1ec1n vi\u00ean nh\u1eadp t\u00e0u ho\u1eb7c v\u1ec1 \u0111\u1ebfn n\u01a1i h\u1ed3i h\u01b0\u01a1ng.<\/em><\/li>\n\n\n\n<li><em>\u0110\u1ec1 xu\u1ea5t v\u00e0 t\u1ed5 ch\u1ee9c th\u1ef1c hi\u1ec7n c\u00e1c kh\u00f3a hu\u1ea5n luy\u1ec7n, \u0111\u00e0o t\u1ea1o &#8211; t\u00e1i \u0111\u00e0o t\u1ea1o b\u1ed5 sung v\u00e0 n\u00e2ng c\u1ea5p thuy\u1ec1n vi\u00ean \u0111ang d\u1ef1 tr\u1eef ngh\u1ec9 ca tr\u00ean b\u1edd, thuy\u1ec1n vi\u00ean c\u00f4ng t\u00e1c tr\u00ean t\u00e0u theo k\u1ebf ho\u1ea1ch \u0111\u00e3 \u0111\u01b0\u1ee3c duy\u1ec7t, th\u1ef1c hi\u1ec7n theo Quy ch\u1ebf \u0111\u00e0o t\u1ea1o c\u1ee7a C\u00f4ng ty.<\/em><\/li>\n\n\n\n<li><em>T\u1ed5 ch\u1ee9c cu\u1ed9c \u0111\u00e1nh gi\u00e1 \u0111\u1ecbnh k\u1ef3 cho s\u1ef9 quan qu\u1ea3n l\u00fd.<\/em><\/li>\n\n\n\n<li><em>Th\u1ef1c hi\u1ec7n c\u00e1c b\u00e1o c\u00e1o li\u00ean quan \u0111\u1ebfn c\u00f4ng t\u00e1c qu\u1ea3n l\u00fd thuy\u1ec1n vi\u00ean.<\/em><\/li>\n\n\n\n<li><em>Th\u1ef1c hi\u1ec7n c\u00e1c nhi\u1ec7m v\u1ee5 kh\u00e1c do L\u00e3nh \u0111\u1ea1o ph\u00f2ng ph\u00e2n c\u00f4ng.<\/em><\/li>\n<\/ul>\n<\/li>\n<\/ul>\n\n\n\n<p><strong>II. Thuy\u1ec1n b\u1ed9 (21 ng\u01b0\u1eddi) cho t\u00e0u 13.000DWT v\u1eadn t\u1ea3i d\u1ea7u s\u1ea3n ph\u1ea9m\/h\u00f3a ch\u1ea5t:<\/strong><\/p>\n\n\n\n<ol class=\"wp-block-list\">\n<li>Thuy\u1ec1n tr\u01b0\u1edfng<\/li>\n\n\n\n<li>M\u00e1y tr\u01b0\u1edfng<\/li>\n\n\n\n<li>\u0110\u1ea1i ph\u00f3<\/li>\n\n\n\n<li>M\u00e1y 2<\/li>\n\n\n\n<li>Thuy\u1ec1n ph\u00f3 2<\/li>\n\n\n\n<li>M\u00e1y 3<\/li>\n\n\n\n<li>S\u1ef9 quan \u0111i\u1ec7n<\/li>\n\n\n\n<li>Thuy\u1ec1n ph\u00f3 3<\/li>\n\n\n\n<li>M\u00e1y 4<\/li>\n\n\n\n<li>Thu\u1ef7 th\u1ee7 tr\u01b0\u1edfng<\/li>\n\n\n\n<li>Th\u1ee3 c\u1ea3<\/li>\n\n\n\n<li>Th\u1ee3 b\u01a1m<\/li>\n\n\n\n<li>Thu\u1ef7 th\u1ee7 AB (03 ng\u01b0\u1eddi)<\/li>\n\n\n\n<li>Thu\u1ef7 th\u1ee7 OS<\/li>\n\n\n\n<li>Th\u1ee3 m\u00e1y Oiler (03 ng\u01b0\u1eddi)<\/li>\n\n\n\n<li><span style=\"color: initial;\">B\u1ebfp tr\u01b0\u1edfng<\/span><\/li>\n\n\n\n<li>Ph\u1ee5c v\u1ee5<\/li>\n<\/ol>\n\n\n\n<p><strong>III. C\u00e1c y\u00eau c\u1ea7u chung:<\/strong><\/p>\n\n\n\n<ul class=\"wp-block-list\">\n<li>B\u1eb1ng c\u1ea5p, ch\u1ee9ng ch\u1ec9: Ph\u00f9 h\u1ee3p v\u1edbi v\u1ecb tr\u00ed c\u00f4ng t\u00e1c (vd: T\u1ed1t nghi\u1ec7p chuy\u00ean ng\u00e0nh li\u00ean quan \u0111\u1ebfn ch\u1ee9c danh nh\u01b0: \u0110i\u1ec1u khi\u1ec3n t\u00e0u bi\u1ec3n, Khai th\u00e1c m\u00e1y t\u00e0u bi\u1ec3n, \u0110i\u1ec7n\/\u0110i\u1ec7n t\u1eeb \u0111\u1ed9ng t\u00e0u bi\u1ec3n&#8230; (Tr\u1eeb Cook))<\/li>\n\n\n\n<li>Kinh nghi\u1ec7m: \u00cdt nh\u1ea5t 01 n\u0103m kinh nghi\u1ec7m trong v\u1ecb tr\u00ed d\u1ef1 tuy\u1ec3n. <\/li>\n\n\n\n<li>H\u1ed3 s\u01a1: Crew card (theo <a href=\"https:\/\/www.fshare.vn\/file\/FSFHWS1FTITE\">form<\/a>), c\u00e1c b\u1eb1ng c\u1ea5p, ch\u1ee9ng ch\u1ec9 hi\u1ec7n c\u00f3 v\u00e0 l\u1ecbch s\u1eed \u0111i bi\u1ec3n. \u0110\u1ed1i v\u1edbi v\u1ecb tr\u00ed CBNV b\u1ed9 m\u00e1y \u0111i\u1ec1u h\u00e0nh: S\u01a1 y\u1ebfu l\u00fd l\u1ecbch v\u00e0 c\u00e1c b\u1eb1ng c\u1ea5p, ch\u1ee9ng ch\u1ec9 li\u00ean quan.<\/li>\n<\/ul>\n\n\n\n<p>C\u00e1c \u1ee9ng vi\u00ean ph\u00f9 h\u1ee3p vui l\u00f2ng li\u00ean h\u1ec7: <\/p>\n\n\n\n<ul class=\"wp-block-list\">\n<li>Thuy\u1ec1n vi\u00ean: Tr\u01b0\u1edfng b\u1ed9 ph\u1eadn thuy\u1ec1n vi\u00ean, Ph\u00f2ng An to\u00e0n Ph\u00e1p ch\u1ebf &#8211; Thuy\u1ec1n vi\u00ean, C\u00f4ng ty TLM. Email: crewing@tlmarine.vn. Mr. Chi\u1ebfn +84 9033 777 82. <\/li>\n<\/ul>\n\n\n\n<ul class=\"wp-block-list\">\n<li>CBNV b\u1ed9 m\u00e1y \u0111i\u1ec1u h\u00e0nh: Ph\u00f2ng H\u00e0nh ch\u00ednh Nh\u00e2n s\u1ef1 C\u00f4ng ty CP H\u00e0ng h\u1ea3i Th\u0103ng Long. Email: info@tlmarine.vn. Ms Huy\u1ec1n 0338 113 684.<\/li>\n<\/ul>\n\n\n\n<p>\u0110\u1ecba ch\u1ec9: T\u1ea7ng 6, T\u00f2a nh\u00e0 PVFCCo Tower, 43 M\u1ea1c \u0110\u0129nh Chi, P.\u0110akao, Q.1, Tp.HCM.<\/p>\n\n\n\n<p><em>(C\u1eadp nh\u1eadt: 08\/6\/2023)<\/em><\/p>\n","protected":false},"excerpt":{"rendered":"<p>Tham gia \u0111\u1ea3m b\u1ea3o an ninh n\u0103ng l\u01b0\u1ee3ng Qu\u1ed1c gia; \u0111\u00e1p \u1ee9ng t\u1ed1t nh\u1ea5t nhu c\u1ea7u d\u1ecbch v\u1ee5 v\u1eadn t\u1ea3i v\u00e0 h\u00e0ng h\u1ea3i d\u1ea7u kh\u00ed; ch\u0103m lo \u0111\u1eddi s\u1ed1ng CBCNV; [&hellip;]<\/p>\n","protected":false},"author":1,"featured_media":0,"parent":0,"menu_order":0,"comment_status":"closed","ping_status":"closed","template":"","meta":{"footnotes":""},"class_list":["post-1997","page","type-page","status-publish","hentry"],"_links":{"self":[{"href":"https:\/\/old.tlmarine.vn\/index.php?rest_route=\/wp\/v2\/pages\/1997","targetHints":{"allow":["GET"]}}],"collection":[{"href":"https:\/\/old.tlmarine.vn\/index.php?rest_route=\/wp\/v2\/pages"}],"about":[{"href":"https:\/\/old.tlmarine.vn\/index.php?rest_route=\/wp\/v2\/types\/page"}],"author":[{"embeddable":true,"href":"https:\/\/old.tlmarine.vn\/index.php?rest_route=\/wp\/v2\/users\/1"}],"replies":[{"embeddable":true,"href":"https:\/\/old.tlmarine.vn\/index.php?rest_route=%2Fwp%2Fv2%2Fcomments&post=1997"}],"version-history":[{"count":14,"href":"https:\/\/old.tlmarine.vn\/index.php?rest_route=\/wp\/v2\/pages\/1997\/revisions"}],"predecessor-version":[{"id":2672,"href":"https:\/\/old.tlmarine.vn\/index.php?rest_route=\/wp\/v2\/pages\/1997\/revisions\/2672"}],"wp:attachment":[{"href":"https:\/\/old.tlmarine.vn\/index.php?rest_route=%2Fwp%2Fv2%2Fmedia&parent=1997"}],"curies":[{"name":"wp","href":"https:\/\/api.w.org\/{rel}","templated":true}]}}