{"id":1972,"date":"2014-11-01T18:03:24","date_gmt":"2014-11-01T18:03:24","guid":{"rendered":"https:\/\/tlmarine.vn\/?page_id=1972"},"modified":"2021-10-13T09:31:06","modified_gmt":"2021-10-13T02:31:06","slug":"dich-vu-gia-tri-gia-tang","status":"publish","type":"page","link":"https:\/\/old.tlmarine.vn\/?page_id=1972","title":{"rendered":"D\u1ecbch v\u1ee5 Gi\u00e1 tr\u1ecb gia t\u0103ng"},"content":{"rendered":"<p>[vc_row bg_parallax=&#8221;off&#8221; css=&#8221;.vc_custom_1414841734642{margin-top: 0px !important;padding-top: 40px !important;}&#8221;][vc_column][vc_single_image image=&#8221;1877&#8243; img_size=&#8221;full&#8221; alignment=&#8221;center&#8221;][vc_column_text]<\/p>\n<h3>D\u1ecbch v\u1ee5 Th\u01b0\u01a1ng m\u1ea1i<\/h3>\n<p>L\u00e0 m\u1ed9t \u0111\u01a1n v\u1ecb th\u00e0nh vi\u00ean c\u1ee7a T\u1ed5ng c\u00f4ng ty CP V\u1eadn t\u1ea3i D\u1ea7u kh\u00ed (PVTRANS), thu\u1ed9c h\u1ec7 th\u1ed1ng T\u1eadp \u0111o\u00e0n D\u1ea7u kh\u00ed Vi\u1ec7t Nam, Thang Long Maritime c\u00f3 quan h\u1ec7 \u0111\u1ed1i t\u00e1c t\u1ed1t \u0111\u1eb9p v\u00e0 truy\u1ec1n th\u1ed1ng v\u1edbi c\u00e1c \u0111\u01a1n v\u1ecb th\u00e0nh vi\u00ean c\u1ee7a T\u1eadp \u0111o\u00e0n D\u1ea7u kh\u00ed.<\/p>\n<p><img loading=\"lazy\" decoding=\"async\" class=\"wp-image-1973 size-thumbnail alignleft\" src=\"https:\/\/tlmarine.vn\/wp-content\/uploads\/2021\/10\/NPK-Phu-My-5-150x150.jpg\" alt=\"\" width=\"150\" height=\"150\" srcset=\"https:\/\/old.tlmarine.vn\/wp-content\/uploads\/2021\/10\/NPK-Phu-My-5-150x150.jpg 150w, https:\/\/old.tlmarine.vn\/wp-content\/uploads\/2021\/10\/NPK-Phu-My-5-480x480.jpg 480w, https:\/\/old.tlmarine.vn\/wp-content\/uploads\/2021\/10\/NPK-Phu-My-5-720x720.jpg 720w\" sizes=\"auto, (max-width: 150px) 100vw, 150px\" \/><\/p>\n<p>Hi\u1ec7n nay, m\u1ea1ng l\u01b0\u1edbi ho\u1ea1t \u0111\u1ed9ng c\u1ee7a Thang Long Maritime \u0111\u00e3 bao ph\u1ee7 h\u1ea7u h\u1ebft c\u00e1c c\u1ea3ng bi\u1ec3n v\u00e0 t\u1ec9nh th\u00e0nh l\u1edbn c\u1ee7a Vi\u1ec7t Nam nh\u01b0 Tp. H\u1ed3 Ch\u00ed Minh, V\u0169ng T\u00e0u, Qu\u1ea3ng Ng\u00e3i, \u0110\u00e0 N\u1eb5ng, H\u1ea3i Ph\u00f2ng, Qu\u1ea3ng Ninh&#8230;. Ngo\u00e0i ra, Thang Long Maritime c\u00f2n tri\u1ec3n khai c\u00e1c s\u1ea3n ph\u1ea9m d\u1ecbch v\u1ee5 gi\u00e1 tr\u1ecb gia t\u0103ng nh\u01b0 kinh doanh ph\u00e2n b\u00f3n, h\u00f3a ch\u1ea5t v\u00e0 LPG&#8230;<\/p>\n<p>.<\/p>\n<p><img loading=\"lazy\" decoding=\"async\" class=\"wp-image-1974 size-thumbnail alignright\" src=\"https:\/\/tlmarine.vn\/wp-content\/uploads\/2021\/10\/d7130baa4e57bf09e646245-150x150.jpg\" alt=\"\" width=\"150\" height=\"150\" srcset=\"https:\/\/old.tlmarine.vn\/wp-content\/uploads\/2021\/10\/d7130baa4e57bf09e646245-150x150.jpg 150w, https:\/\/old.tlmarine.vn\/wp-content\/uploads\/2021\/10\/d7130baa4e57bf09e646245-480x480.jpg 480w, https:\/\/old.tlmarine.vn\/wp-content\/uploads\/2021\/10\/d7130baa4e57bf09e646245-720x720.jpg 720w\" sizes=\"auto, (max-width: 150px) 100vw, 150px\" \/><\/p>\n<p>C\u00e1c kh\u00e1ch h\u00e0ng l\u1edbn c\u1ee7a Thang Long Maritime trong l\u0129nh v\u1ef1c n\u00e0y bao g\u1ed3m c\u00e1c \u0111\u01a1n v\u1ecb th\u00e0nh vi\u00ean c\u1ee7a T\u1eadp \u0111o\u00e0n D\u1ea7u kh\u00ed v\u00e0 c\u00e1c \u0111\u1ed1i t\u00e1c uy t\u00edn tr\u00ean th\u1ecb tr\u01b0\u1eddng.<\/p>\n<p><img loading=\"lazy\" decoding=\"async\" class=\"wp-image-1975 size-thumbnail alignleft\" src=\"https:\/\/tlmarine.vn\/wp-content\/uploads\/2021\/10\/Van-tai-dam-DLHH-150x150.jpg\" alt=\"\" width=\"150\" height=\"150\" srcset=\"https:\/\/old.tlmarine.vn\/wp-content\/uploads\/2021\/10\/Van-tai-dam-DLHH-150x150.jpg 150w, https:\/\/old.tlmarine.vn\/wp-content\/uploads\/2021\/10\/Van-tai-dam-DLHH-480x480.jpg 480w, https:\/\/old.tlmarine.vn\/wp-content\/uploads\/2021\/10\/Van-tai-dam-DLHH-720x720.jpg 720w\" sizes=\"auto, (max-width: 150px) 100vw, 150px\" \/>Thang Long Maritime lu\u00f4n x\u00e1c \u0111\u1ecbnh h\u1ee3p t\u00e1c, cung c\u1ea5p d\u1ecbch v\u1ee5 t\u1ed1t nh\u1ea5t v\u00e0 gi\u00e1 tr\u1ecb t\u1ed1i \u01b0u cho \u0111\u1ed1i t\u00e1c, kh\u00e1ch h\u00e0ng, \u0111\u1ea3m b\u1ea3o \u0111\u00e1p \u1ee9ng \u0111\u1ea7y \u0111\u1ee7 c\u00e1c ti\u00eau chu\u1ea9n v\u1ec1 an to\u00e0n, ch\u1ea5t l\u01b0\u1ee3ng v\u00e0 c\u00e1c ti\u00eau ch\u00ed kh\u00e1c nh\u01b0 cam k\u1ebft.[\/vc_column_text][vc_separator][\/vc_column][\/vc_row][vc_row css=&#8221;.vc_custom_1461016572723{margin-bottom: 0px !important;padding-bottom: 40px !important;}&#8221;][vc_column width=&#8221;1\/3&#8243;]<div id=\"tile-with-icon_icon7698\" class=\"title-with-icon-wrapper clear xxlarge \" data-color=\"\"><div class=\"wpb_content_element title-with-icon clearfix top-style\"><span  style=\"color:#34ccff !important;background-color: !important;\" class=\"oic-flaticon2-thumbs18 clear xxlarge \" ><\/span><h4 class=\"content-color\" style=\"\">D\u1ecbch v\u1ee5 \u0111\u00e1ng tin c\u1eady<\/h4><\/div><\/div>[\/vc_column][vc_column width=&#8221;1\/3&#8243;]<div id=\"tile-with-icon_icon4114\" class=\"title-with-icon-wrapper clear xxlarge \" data-color=\"\"><div class=\"wpb_content_element title-with-icon clearfix top-style\"><span  style=\"color:#34ccff !important;background-color: !important;\" class=\"oic-flaticon1-containers clear xxlarge \" ><\/span><h4 class=\"content-color\" style=\"\">D\u1ecbch v\u1ee5 v\u1eadn t\u1ea3i<\/h4><\/div><\/div>[\/vc_column][vc_column width=&#8221;1\/3&#8243;]<div id=\"tile-with-icon_icon1051\" class=\"title-with-icon-wrapper clear xxlarge \" data-color=\"\"><div class=\"wpb_content_element title-with-icon clearfix top-style\"><span  style=\"color:#34ccff !important;background-color: !important;\" class=\"oic-flaticon1-identification4 clear xxlarge \" ><\/span><h4 class=\"content-color\" style=\"\">Ph\u1ea1m vi to\u00e0n c\u1ea7u<\/h4><\/div><\/div>[\/vc_column][\/vc_row]<\/p>\n","protected":false},"excerpt":{"rendered":"<p>[vc_row bg_parallax=&#8221;off&#8221; css=&#8221;.vc_custom_1414841734642{margin-top: 0px !important;padding-top: 40px !important;}&#8221;][vc_column][vc_single_image image=&#8221;1877&#8243; img_size=&#8221;full&#8221; alignment=&#8221;center&#8221;][vc_column_text] D\u1ecbch v\u1ee5 Th\u01b0\u01a1ng m\u1ea1i L\u00e0 m\u1ed9t \u0111\u01a1n v\u1ecb th\u00e0nh vi\u00ean c\u1ee7a T\u1ed5ng c\u00f4ng ty CP V\u1eadn t\u1ea3i D\u1ea7u kh\u00ed (PVTRANS), [&hellip;]<\/p>\n","protected":false},"author":1,"featured_media":0,"parent":0,"menu_order":0,"comment_status":"open","ping_status":"open","template":"","meta":{"footnotes":""},"class_list":["post-1972","page","type-page","status-publish","hentry"],"_links":{"self":[{"href":"https:\/\/old.tlmarine.vn\/index.php?rest_route=\/wp\/v2\/pages\/1972","targetHints":{"allow":["GET"]}}],"collection":[{"href":"https:\/\/old.tlmarine.vn\/index.php?rest_route=\/wp\/v2\/pages"}],"about":[{"href":"https:\/\/old.tlmarine.vn\/index.php?rest_route=\/wp\/v2\/types\/page"}],"author":[{"embeddable":true,"href":"https:\/\/old.tlmarine.vn\/index.php?rest_route=\/wp\/v2\/users\/1"}],"replies":[{"embeddable":true,"href":"https:\/\/old.tlmarine.vn\/index.php?rest_route=%2Fwp%2Fv2%2Fcomments&post=1972"}],"version-history":[{"count":3,"href":"https:\/\/old.tlmarine.vn\/index.php?rest_route=\/wp\/v2\/pages\/1972\/revisions"}],"predecessor-version":[{"id":1978,"href":"https:\/\/old.tlmarine.vn\/index.php?rest_route=\/wp\/v2\/pages\/1972\/revisions\/1978"}],"wp:attachment":[{"href":"https:\/\/old.tlmarine.vn\/index.php?rest_route=%2Fwp%2Fv2%2Fmedia&parent=1972"}],"curies":[{"name":"wp","href":"https:\/\/api.w.org\/{rel}","templated":true}]}}