{"id":1969,"date":"2014-11-01T11:25:48","date_gmt":"2014-11-01T11:25:48","guid":{"rendered":"https:\/\/tlmarine.vn\/?page_id=1969"},"modified":"2021-10-13T09:16:51","modified_gmt":"2021-10-13T02:16:51","slug":"dich-vu-logistics","status":"publish","type":"page","link":"https:\/\/old.tlmarine.vn\/?page_id=1969","title":{"rendered":"D\u1ecbch v\u1ee5 Logistics"},"content":{"rendered":"<p>[vc_row bg_parallax=&#8221;off&#8221; css=&#8221;.vc_custom_1414841734642{margin-top: 0px !important;padding-top: 40px !important;}&#8221;][vc_column][vc_single_image image=&#8221;1855&#8243; img_size=&#8221;full&#8221; alignment=&#8221;center&#8221;][vc_column_text]<\/p>\n<h3>D\u1ecbch v\u1ee5 Logistics<\/h3>\n<p>V\u1edbi m\u1ea1ng l\u01b0\u1edbi d\u1ecbch v\u1ee5 tr\u1ea3i kh\u1eafp khu v\u1ef1c c\u00f9ng \u0111\u1ed9i ng\u0169 nh\u00e2n s\u1ef1 kinh nghi\u1ec7m v\u00e0 nhi\u1ec7t t\u00ecnh, Thang Long Maritime t\u1eadp trung ph\u00e1t tri\u1ec3n v\u00e0 cung c\u1ea5p c\u00e1c gi\u1ea3i ph\u00e1p logistics cho kh\u00e1ch h\u00e0ng trong v\u00e0 ngo\u00e0i n\u01b0\u1edbc v\u1edbi \u0111\u1ecbnh h\u01b0\u1edbng l\u1ea5y s\u1ef1 h\u00e0i l\u00f2ng c\u1ee7a kh\u00e1ch h\u00e0ng l\u00e0m ti\u00eau ch\u00ed quan tr\u1ecdng nh\u1ea5t \u0111\u1ec3 \u0111\u00e1nh gi\u00e1 s\u1ef1 th\u00e0nh c\u00f4ng c\u1ee7a doanh nghi\u1ec7p.<\/p>\n<p><img loading=\"lazy\" decoding=\"async\" class=\"alignleft wp-image-1970\" src=\"https:\/\/s3.amazonaws.com\/logistic\/uploads\/2014\/11\/42420797.jpg\" alt=\"42420797\" width=\"300\" height=\"300\" srcset=\"https:\/\/old.tlmarine.vn\/wp-content\/uploads\/2014\/11\/42420797.jpg 800w, https:\/\/old.tlmarine.vn\/wp-content\/uploads\/2014\/11\/42420797-300x300.jpg 300w, https:\/\/old.tlmarine.vn\/wp-content\/uploads\/2014\/11\/42420797-150x150.jpg 150w, https:\/\/old.tlmarine.vn\/wp-content\/uploads\/2014\/11\/42420797-768x768.jpg 768w, https:\/\/old.tlmarine.vn\/wp-content\/uploads\/2014\/11\/42420797-480x480.jpg 480w, https:\/\/old.tlmarine.vn\/wp-content\/uploads\/2014\/11\/42420797-720x720.jpg 720w\" sizes=\"auto, (max-width: 300px) 100vw, 300px\" \/><\/p>\n<p>V\u1edbi t\u1ea7m nh\u00ecn tr\u1edf th\u00e0nh m\u1ed9t trong c\u00e1c \u0111\u01a1n v\u1ecb cung c\u1ea5p d\u1ecbch v\u1ee5 logistics uy t\u00edn nh\u1ea5t trong khu v\u1ef1c, ch\u00fang t\u00f4i lu\u00f4n c\u1ed1 g\u1eafng \u0111\u1ec3 n\u00e2ng cao ch\u1ea5t l\u01b0\u1ee3ng d\u1ecbch v\u1ee5 b\u1eb1ng c\u00e1c gi\u1ea3i ph\u00e1p t\u1ed1i \u01b0u v\u00e0 \u1ee9ng d\u1ee5ng c\u00f4ng ngh\u1ec7 th\u00f4ng tin. Ngu\u1ed3n nh\u00e2n l\u1ef1c c\u0169ng \u0111\u01b0\u1ee3c C\u00f4ng ty \u0111\u1ea7u t\u01b0 v\u00e0 ph\u00e1t tri\u1ec3n nh\u1eb1m \u0111\u00e1p \u1ee9ng y\u00eau c\u1ea7u ng\u00e0y m\u1ed9t kh\u1eaft khe c\u1ee7a th\u1ecb tr\u01b0\u1eddng v\u00e0 s\u1ef1 h\u00e0i l\u00f2ng c\u1ee7a m\u1ecdi kh\u00e1ch h\u00e0ng.<\/p>\n<p>C\u00e1c gi\u1ea3i ph\u00e1p logistics c\u1ee7a C\u00f4ng ty:<\/p>\n<table width=\"102%\">\n<tbody>\n<tr>\n<td width=\"290\"><strong>D\u1ecaCH V\u1ee4 GIAO NH\u1eacN H\u00c0NG H\u00d3A<\/strong><\/td>\n<td width=\"363\"><strong>\u0110\u1ea0I L\u00dd H\u00c3NG T\u00c0U<\/strong><\/td>\n<\/tr>\n<tr>\n<td width=\"290\">\n<ul>\n<li>Th\u1eddi gian th\u00f4ng quan nhanh<\/li>\n<li>Ti\u1ebft ki\u1ec7m th\u1eddi gian v\u00e0 chi ph\u00ed<\/li>\n<li>T\u1ed1i \u0111a h\u00f3a l\u1ee3i \u00edch c\u1ee7a kh\u00e1ch h\u00e0ng<\/li>\n<\/ul>\n<\/td>\n<td width=\"363\">\n<ul>\n<li>Cung c\u1ea5p gi\u1ea3i ph\u00e1p v\u1eadn chuy\u1ec3n t\u1ed1i \u01b0u v\u1edbi chi ph\u00ed c\u1ea1nh tranh<\/li>\n<li>L\u1ecbch t\u00e0u linh ho\u1ea1t &amp; ki\u1ec3m so\u00e1t h\u00e0nh tr\u00ecnh ch\u00ednh x\u00e1c<\/li>\n<li>D\u1ec5 d\u00e0ng k\u1ebft n\u1ed1i v\u1edbi c\u00e1c chu\u1ed7i logistics<\/li>\n<\/ul>\n<\/td>\n<\/tr>\n<tr>\n<td width=\"290\"><strong>D\u1ecaCH V\u1ee4 V\u1eacN T\u1ea2I H\u00c0NG H\u00d3A<\/strong><\/td>\n<td width=\"363\"><strong>D\u1ecaCH V\u1ee4 \u0110\u1ea0I L\u00dd \u2013 CUNG \u1ee8NG T\u00c0U BI\u1ec2N<\/strong><\/td>\n<\/tr>\n<tr>\n<td width=\"290\">\n<ul>\n<li>S\u1ed1 l\u01b0\u1ee3ng xe l\u1edbn th\u1ecfa m\u00e3n y\u00eau c\u1ea7u kh\u00e1ch h\u00e0ng<\/li>\n<li>\u0110\u1ed9i ng\u0169 l\u00e1i xe kinh nghi\u1ec7m, nhi\u1ec7t t\u00ecnh v\u00e0 chuy\u00ean nghi\u1ec7p<\/li>\n<li>H\u1ec7 th\u1ed1ng v\u1eadn h\u00e0nh an to\u00e0n v\u00e0 hi\u1ec7u qu\u1ea3<\/li>\n<\/ul>\n<\/td>\n<td width=\"363\">\n<ul>\n<li>\u0110\u1ed9i ng\u0169 \u0111\u1ea1i l\u00fd vi\u00ean chuy\u00ean nghi\u1ec7p v\u00e0 gi\u00e0u kinh nghi\u1ec7m<\/li>\n<li>Cung \u1ee9ng h\u00e0ng h\u00f3a \u0111\u00fang xu\u1ea5t x\u1ee9, \u0111\u1ea3m b\u1ea3o ch\u1ea5t l\u01b0\u1ee3ng y\u00eau c\u1ea7u v\u1edbi m\u1ea1ng l\u01b0\u1edbi nh\u00e0 cung c\u1ea5p to\u00e0n qu\u1ed1c<\/li>\n<li>M\u1ea1ng l\u01b0\u1edbi ch\u1eb7t ch\u1ebd v\u1edbi c\u00e1c b\u00ean li\u00ean quan (C\u1ea3ng v\u1ee5, Bi\u00ean ph\u00f2ng, C\u1ee5c xu\u1ea5t nh\u1eadp c\u1ea3nh, H\u1ea3i Quan, Ki\u1ec3m d\u1ecbch)<\/li>\n<\/ul>\n<\/td>\n<\/tr>\n<tr>\n<td width=\"290\"><strong>D\u1ecaCH V\u1ee4 X\u1ebeP D\u1ee0<\/strong><\/td>\n<td width=\"363\"><strong>D\u1ecaCH V\u1ee4 LOGISTICS D\u1ef0 \u00c1N<\/strong><\/td>\n<\/tr>\n<tr>\n<td width=\"290\">\n<ul>\n<li>Ph\u01b0\u01a1ng ti\u1ec7n hi\u1ec7n \u0111\u1ea1i<\/li>\n<li>Quy tr\u00ecnh x\u1ebfp d\u1ee1 hi\u1ec7u qu\u1ea3<\/li>\n<li>Nh\u00e2n vi\u00ean chuy\u00ean nghi\u1ec7p, tr\u00e1ch nhi\u1ec7m<\/li>\n<\/ul>\n<\/td>\n<td width=\"363\">\n<ul>\n<li>Kinh nghi\u1ec7m trong vi\u1ec7c cung c\u1ea5p c\u0103n c\u1ee9 logistics cho c\u00e1c d\u1ef1 \u00e1n l\u1edbn<\/li>\n<li>Quan h\u1ec7 m\u1eadt thi\u1ebft v\u1edbi c\u00e1c b\u00ean li\u00ean quan, t\u1ea1o \u0111i\u1ec1u ki\u1ec7n thu\u1eadn l\u1ee3i \u0111\u1ec3 d\u1ef1 \u00e1n ho\u00e0n th\u00e0nh<\/li>\n<li>T\u01b0 v\u1ea5n nh\u00e0 th\u1ea7u c\u00e1c ph\u01b0\u01a1ng \u00e1n logistics \u0111\u1ea3m b\u1ea3o ti\u1ebft ki\u1ec7m v\u00e0 an to\u00e0n<\/li>\n<\/ul>\n<\/td>\n<\/tr>\n<\/tbody>\n<\/table>\n<p>[\/vc_column_text][\/vc_column][\/vc_row][vc_row css=&#8221;.vc_custom_1461016463981{margin-bottom: 0px !important;padding-bottom: 40px !important;}&#8221;][vc_column width=&#8221;1\/3&#8243;]<div id=\"tile-with-icon_icon2550\" class=\"title-with-icon-wrapper clear xxlarge \" data-color=\"\"><div class=\"wpb_content_element title-with-icon clearfix top-style\"><span  style=\"color:#34ccff !important;background-color: !important;\" class=\"oic-flaticon4-earth198 clear xxlarge \" ><\/span><h4 class=\"content-color\" style=\"\">Any Destination<\/h4><\/div><\/div>[\/vc_column][vc_column width=&#8221;1\/3&#8243;]<div id=\"tile-with-icon_icon926\" class=\"title-with-icon-wrapper clear xxlarge \" data-color=\"\"><div class=\"wpb_content_element title-with-icon clearfix top-style\"><span  style=\"color:#34ccff !important;background-color: !important;\" class=\"oic-flaticon4-global17 clear xxlarge \" ><\/span><h4 class=\"content-color\" style=\"\">Import &amp; Export<\/h4><\/div><\/div>[\/vc_column][vc_column width=&#8221;1\/3&#8243;]<div id=\"tile-with-icon_icon8746\" class=\"title-with-icon-wrapper clear xxlarge \" data-color=\"\"><div class=\"wpb_content_element title-with-icon clearfix top-style\"><span  style=\"color:#34ccff !important;background-color: !important;\" class=\"oic-flaticon1-delivery35 clear xxlarge \" ><\/span><h4 class=\"content-color\" style=\"\">Door to Door<\/h4><\/div><\/div>[\/vc_column][\/vc_row]<\/p>\n","protected":false},"excerpt":{"rendered":"<p>[vc_row bg_parallax=&#8221;off&#8221; css=&#8221;.vc_custom_1414841734642{margin-top: 0px !important;padding-top: 40px !important;}&#8221;][vc_column][vc_single_image image=&#8221;1855&#8243; img_size=&#8221;full&#8221; alignment=&#8221;center&#8221;][vc_column_text] D\u1ecbch v\u1ee5 Logistics V\u1edbi m\u1ea1ng l\u01b0\u1edbi d\u1ecbch v\u1ee5 tr\u1ea3i kh\u1eafp khu v\u1ef1c c\u00f9ng \u0111\u1ed9i ng\u0169 nh\u00e2n s\u1ef1 kinh nghi\u1ec7m v\u00e0 [&hellip;]<\/p>\n","protected":false},"author":1,"featured_media":0,"parent":1967,"menu_order":0,"comment_status":"open","ping_status":"open","template":"","meta":{"footnotes":""},"class_list":["post-1969","page","type-page","status-publish","hentry"],"_links":{"self":[{"href":"https:\/\/old.tlmarine.vn\/index.php?rest_route=\/wp\/v2\/pages\/1969","targetHints":{"allow":["GET"]}}],"collection":[{"href":"https:\/\/old.tlmarine.vn\/index.php?rest_route=\/wp\/v2\/pages"}],"about":[{"href":"https:\/\/old.tlmarine.vn\/index.php?rest_route=\/wp\/v2\/types\/page"}],"author":[{"embeddable":true,"href":"https:\/\/old.tlmarine.vn\/index.php?rest_route=\/wp\/v2\/users\/1"}],"replies":[{"embeddable":true,"href":"https:\/\/old.tlmarine.vn\/index.php?rest_route=%2Fwp%2Fv2%2Fcomments&post=1969"}],"version-history":[{"count":1,"href":"https:\/\/old.tlmarine.vn\/index.php?rest_route=\/wp\/v2\/pages\/1969\/revisions"}],"predecessor-version":[{"id":1971,"href":"https:\/\/old.tlmarine.vn\/index.php?rest_route=\/wp\/v2\/pages\/1969\/revisions\/1971"}],"up":[{"embeddable":true,"href":"https:\/\/old.tlmarine.vn\/index.php?rest_route=\/wp\/v2\/pages\/1967"}],"wp:attachment":[{"href":"https:\/\/old.tlmarine.vn\/index.php?rest_route=%2Fwp%2Fv2%2Fmedia&parent=1969"}],"curies":[{"name":"wp","href":"https:\/\/api.w.org\/{rel}","templated":true}]}}