{"id":1967,"date":"2014-10-31T21:18:20","date_gmt":"2014-10-31T21:18:20","guid":{"rendered":"https:\/\/tlmarine.vn\/?page_id=1967"},"modified":"2021-10-13T09:07:25","modified_gmt":"2021-10-13T02:07:25","slug":"dich-vu-dai-ly-hang-hai","status":"publish","type":"page","link":"https:\/\/old.tlmarine.vn\/?page_id=1967","title":{"rendered":"D\u1ecbch v\u1ee5 \u0110\u1ea1i l\u00fd H\u00e0ng h\u1ea3i"},"content":{"rendered":"<p>[vc_row bg_parallax=&#8221;off&#8221; bg_scroll=&#8221;h,-1&#8243; bottom_button=&#8221;on&#8221; bottom_button_color=&#8221;#ffffff&#8221; css=&#8221;.vc_custom_1461016079849{margin-top: 0px !important;margin-bottom: 0px !important;padding-top: 190px !important;padding-bottom: 190px !important;background-image: url(https:\/\/s3.amazonaws.com\/logistic\/uploads\/2014\/10\/logistic_bg.jpg?id=239) !important;}&#8221; row_min_height=&#8221;700px&#8221; bottom_button_icon=&#8221;oic-down-open-big&#8221; bottom_button_link=&#8221;#section01&#8243; font_color=&#8221;#ffffff&#8221;][vc_column]<div class=\"ozy-floating-box\" style=\"height:300px;text-align:center\"><div><div class=\"ozy-tlt\" style=\"width:100%;display:inline-block;text-align:center;color:#ffffff;font-weight:300;font-size:60px;line-height:70px\" data-display_time=\"3000\" data-in_effect=\"fadeIn\" data-in_effect_type=\"sync\" data-out_effect=\"fadeOut\" data-out_effect_type=\"sync\" data-loop=\"true\"><ul class=\"ozy-tlt-texts\" style=\"display: none\"><li>V\u1eadn t\u1ea3i d\u1ea7u s\u1ea3n ph\u1ea9m v\u00e0 h\u00f3a ch\u1ea5t<\/li><li>D\u1ecbch v\u1ee5 \u0110\u1ea1i l\u00fd H\u00e0ng h\u1ea3i<\/li><li>C\u00e1c d\u1ecbch v\u1ee5 Logistics t\u00edch h\u1ee3p<\/li><li>C\u00e1c d\u1ecbch v\u1ee5 gi\u00e1 tr\u1ecb gia t\u0103ng.<\/li><li>C\u00e1c gi\u1ea3i ph\u00e1p v\u1eadn t\u1ea3i \u0111a d\u1ea1ng<\/li><\/ul><\/div><fieldset class=\"ozy-content-divider  wpb_content_element\" style=\"border-top-style:solid;border-top-width:2px;border-top-color:#34ccff;width:400px;max-width:400px;margin:20px auto;\"><legend class=\"dcenter\" align=\"center\">D\u1ecbch v\u1ee5 \u0110\u1ea1i l\u00fd H\u00e0ng h\u1ea3i v\u00e0 c\u00e1c gi\u1ea3i ph\u00e1p Logistics linh ho\u1ea1t<\/legend><\/fieldset>[vc_column_text css=&#8221;.vc_custom_1633929836830{padding-right: 18% !important;padding-left: 18% !important;}&#8221;]<\/p>\n<h4 style=\"text-align: center;\"><span style=\"color: #34ccff;\">Thang Long Maritime l\u00e0 m\u1ed9t c\u00f4ng ty cung c\u1ea5p d\u1ecbch v\u1ee5 v\u1eadn t\u1ea3i d\u1ea7u s\u1ea3n ph\u1ea9m, h\u00f3a ch\u1ea5t, \u0110\u1ea1i l\u00fd H\u00e0ng h\u1ea3i, d\u1ecbch v\u1ee5 h\u00e0ng h\u1ea3i v\u00e0 c\u00e1c gi\u1ea3i ph\u00e1p logistics, d\u1ecbch v\u1ee5 gi\u00e1 tr\u1ecb gia t\u0103ng c\u0169ng nh\u01b0 qu\u1ea3n l\u00fd d\u1ef1 \u00e1n cho nhi\u1ec1u kh\u00e1ch h\u00e0ng trong v\u00e0 ngo\u00e0i n\u01b0\u1edbc.<\/span><\/h4>\n<p>[\/vc_column_text]<\/div><\/div>[\/vc_column][\/vc_row][vc_row row_fullwidth=&#8221;1&#8243; bg_parallax=&#8221;off&#8221; bottom_button=&#8221;on&#8221; css=&#8221;.vc_custom_1415788342136{margin-top: 0px !important;margin-bottom: 0px !important;padding-top: 60px !important;padding-bottom: 0px !important;}&#8221; bottom_button_icon=&#8221;oic-down-open-big&#8221; bottom_button_link=&#8221;#plane&#8221;][vc_column width=&#8221;1\/3&#8243;][vc_single_image image=&#8221;645&#8243; img_size=&#8221;full&#8221; alignment=&#8221;center&#8221;][\/vc_column][vc_column width=&#8221;1\/3&#8243; css=&#8221;.vc_custom_1415786540858{border-top-width: 2px !important;border-right-width: 2px !important;border-bottom-width: 2px !important;border-left-width: 2px !important;padding-top: 40px !important;padding-right: 40px !important;padding-bottom: 40px !important;padding-left: 40px !important;border-left-color: #000000 !important;border-left-style: solid !important;border-right-color: #000000 !important;border-right-style: solid !important;border-top-color: #000000 !important;border-top-style: solid !important;border-bottom-color: #000000 !important;border-bottom-style: solid !important;}&#8221;][vc_single_image image=&#8221;750&#8243; img_size=&#8221;full&#8221; alignment=&#8221;center&#8221; css=&#8221;.vc_custom_1461016372476{margin-bottom: 0px !important;padding-right: 40px !important;padding-bottom: 10px !important;padding-left: 40px !important;}&#8221;][vc_column_text css=&#8221;.vc_custom_1633676766238{margin-top: 0px !important;padding-top: 0px !important;padding-right: 40px !important;padding-bottom: 40px !important;padding-left: 40px !important;}&#8221;]<\/p>\n<h3><\/h3>\n<h3>D\u1ecbch v\u1ee5 \u0110\u1ea1i l\u00fd H\u00e0ng h\u1ea3i<\/h3>\n<p>Thang Long Martime l\u00e0 m\u1ed9t trong nh\u1eefng c\u00f4ng ty ti\u00ean phong cung c\u1ea5p d\u1ecbch v\u1ee5 \u0111\u1ea1i l\u00fd h\u00e0ng h\u1ea3i t\u1ea1i Vi\u1ec7t Nam v\u1edbi m\u1ea1ng l\u01b0\u1edbi chi nh\u00e1nh tr\u00ean to\u00e0n qu\u1ed1c. Ch\u00fang t\u00f4i lu\u00f4n s\u1eb5n s\u00e0ng cung c\u1ea5p d\u1ecbch v\u1ee5 \u0111\u1ea1i l\u00fd h\u00e0ng h\u1ea3i v\u1edbi gi\u00e1 tr\u1ecb t\u1ed1i \u01b0u v\u00e0 hi\u1ec7u qu\u1ea3 \u0111\u1ebfn kh\u00e1ch h\u00e0ng t\u1ea1i t\u1ea5t c\u1ea3 c\u00e1c c\u1ea3ng Vi\u1ec7t Nam.<\/p>\n<p>V\u1edbi b\u1ec1 d\u00e0y kinh nghi\u1ec7m cung c\u1ea5p d\u1ecbch v\u1ee5 \u0111\u1ea1i l\u00fd cho c\u00e1c t\u00e0u d\u1ea7u th\u00f4, d\u1ea7u s\u1ea3n ph\u1ea9m, t\u00e0u h\u00f3a ch\u1ea5t, t\u00e0u h\u00e0ng r\u1eddi, LPG\u2026, c\u00f9ng v\u1edbi v\u1edbi s\u1ef1 am hi\u1ec3u v\u00e0 quan h\u1ec7 t\u1ed1t v\u1edbi ch\u00ednh quy\u1ec1n c\u1ea3ng, c\u00e1c \u0111\u01a1n v\u1ecb h\u1eefu quan trong khu v\u1ef1c \u0111\u00e3 gi\u00fap cho Thang Long Maritime th\u1ef1c hi\u1ec7n t\u1ed1t c\u00f4ng t\u00e1c \u0111\u1ea1i l\u00fd cho \u0111\u1ed9i t\u00e0u c\u1ee7a T\u1ed5ng C\u00f4ng ty PVTrans\/c\u00e1c \u0111\u01a1n v\u1ecb th\u00e0nh vi\u00ean c\u0169ng nh\u01b0 kh\u00e1ch h\u00e0ng trong v\u00e0 ngo\u00e0i n\u01b0\u1edbc.<\/p>\n<p>B\u00ean c\u1ea1nh \u0111\u00f3, Thang Long Maritime duy tr\u00ec v\u00e0 ph\u00e1t huy quan h\u1ec7 t\u1ed1t v\u1edbi c\u00e1c c\u00f4ng ty khai th\u00e1c c\u1ea3ng, gi\u00e0n khoan ngo\u00e0i kh\u01a1i Vi\u1ec7t Nam v\u00e0 \u0111\u00e3 th\u1ef1c hi\u1ec7n an to\u00e0n h\u00e0ng ng\u00e0n l\u01b0\u1ee3t t\u00e0u v\u00e0o nh\u1eadn d\u1ea7u th\u00f4 t\u1ea1i c\u00e1c m\u1ecf n\u00e0y.<\/p>\n<p>V\u1edbi \u0111\u1ed9i ng\u0169 \u0111\u1ea1i l\u00fd vi\u00ean \u0111\u01b0\u1ee3c \u0111\u00e0o t\u1ea1o chuy\u00ean nghi\u1ec7p v\u00e0 c\u00f3 nhi\u1ec1u kinh nghi\u1ec7m trong l\u0129nh v\u1ef1c \u0111\u1ea1i l\u00fd h\u00e0ng h\u1ea3i, Thang Long Maritime cam k\u1ebft s\u1ebd \u0111em \u0111\u1ebfn cho kh\u00e1ch h\u00e0ng s\u1ef1 h\u00e0i l\u00f2ng v\u1edbi d\u1ecbch v\u1ee5 t\u1ed1i \u01b0u nh\u1ea5t.<\/p>\n<p>[\/vc_column_text][\/vc_column][vc_column width=&#8221;1\/3&#8243;][vc_single_image image=&#8221;1868&#8243; img_size=&#8221;full&#8221; alignment=&#8221;center&#8221; css=&#8221;.vc_custom_1633929617530{margin-bottom: 0px !important;padding-top: 30px !important;padding-bottom: 0px !important;}&#8221;][\/vc_column][\/vc_row][vc_row bg_parallax=&#8221;on&#8221; font_color=&#8221;#ffffff&#8221; css=&#8221;.vc_custom_1415788220597{margin-top: 0px !important;margin-bottom: 0px !important;padding-top: 200px !important;padding-bottom: 200px !important;background-image: url(https:\/\/s3.amazonaws.com\/logistic\/uploads\/2014\/10\/72743287.jpg?id=634) !important;}&#8221; row_id=&#8221;plane&#8221;][vc_column width=&#8221;1\/2&#8243;][\/vc_column][vc_column width=&#8221;1\/2&#8243;]<span id=\"ozy_icon_301\" class=\"ozy-icon  wpb_content_element align-center xxxlarge clean icon oic-flaticon4-earth198 \" style=\"\" ><\/span>[vc_column_text]<\/p>\n<h2 style=\"text-align: center;\">L\u00e0 m\u1ed9t nh\u00e0 cung c\u1ea5p c\u00e1c d\u1ecbch v\u1ee5 v\u1eadn t\u1ea3i \u0111\u00e1ng tin c\u1eady, Thang Long Maritime v\u1eadn chuy\u1ec3n an to\u00e0n m\u1ecdi chuy\u1ebfn h\u00e0ng \u0111\u1ebfn c\u00e1c n\u01a1i tr\u00ean th\u1ebf gi\u1edbi.<\/h2>\n<p>[\/vc_column_text][\/vc_column][\/vc_row][vc_row bg_parallax=&#8221;off&#8221; css=&#8221;.vc_custom_1414791187765{margin-top: 0px !important;margin-bottom: 0px !important;padding-top: 70px !important;padding-bottom: 70px !important;}&#8221; row_id=&#8221;section01&#8243;][vc_column]<h3 class=\"ozy-divider-cap-center wpb_content_element\">TRANSPORTATION SOLUTIONS<\/h3><div class=\"ozy-content-divider \" style=\"border-top-style:solid;border-top-width:2px;border-top-color:#34ccff;width:40px;max-width:40px;margin:20px auto;\"><\/div>[vc_column_text css=&#8221;.vc_custom_1414791237375{padding-right: 18% !important;padding-left: 18% !important;}&#8221;]<\/p>\n<h5 style=\"text-align: center;\">Artisan selvage art party Godard, forage Austin Pitchfork. Organic tofu vinyl VHS cold-pressed gastropub. Tousled letterpress actually irony Vice farm-to-table. Street art you probably haven&#8217;t heard of them bicycle rights Cosby sweater small batch, PBR&amp;B lomo.<\/h5>\n<p>[\/vc_column_text][vc_row_inner css=&#8221;.vc_custom_1414792164570{margin-bottom: 0px !important;padding-bottom: 0px !important;}&#8221;][vc_column_inner width=&#8221;1\/2&#8243;]<div id=\"tile-with-icon_icon6910\" class=\"title-with-icon-wrapper clear xlarge \" data-color=\"\"><div class=\"wpb_content_element title-with-icon clearfix margin-bottom-0 top-style\"><span  style=\"color:#34ccff !important;background-color: !important;\" class=\"oic-flaticon4-earth198 clear xlarge \" ><\/span><h4 style=\"color:#6b6b6b\">Austin Pitchfork<\/h4><\/div><div class=\"wpb_content_element top-cs title-with-icon-content xlarge clearfix\" style=\"color:#6b6b6b\">Williamsburg banjo dreamcatcher polaroid you probably haven&#8217;t heard of them Shoreditch raw denim normcore, slow-carb whatever crucifix.<\/div><\/div>[\/vc_column_inner][vc_column_inner width=&#8221;1\/2&#8243;]<div id=\"tile-with-icon_icon4531\" class=\"title-with-icon-wrapper clear xlarge \" data-color=\"\"><div class=\"wpb_content_element title-with-icon clearfix margin-bottom-0 top-style\"><span  style=\"color:#34ccff !important;background-color: !important;\" class=\"oic-flaticon4-call41 clear xlarge \" ><\/span><h4 style=\"color:#6b6b6b\">Vice Raw Denim Shabby<\/h4><\/div><div class=\"wpb_content_element top-cs title-with-icon-content xlarge clearfix\" style=\"color:#6b6b6b\">Williamsburg banjo dreamcatcher polaroid you probably haven&#8217;t heard of them Shoreditch raw denim normcore, slow-carb whatever crucifix.<\/div><\/div>[\/vc_column_inner][\/vc_row_inner][vc_separator][vc_row_inner css=&#8221;.vc_custom_1414792164570{margin-bottom: 0px !important;padding-bottom: 0px !important;}&#8221;][vc_column_inner width=&#8221;1\/2&#8243;]<div id=\"tile-with-icon_icon7150\" class=\"title-with-icon-wrapper clear xlarge \" data-color=\"\"><div class=\"wpb_content_element title-with-icon clearfix margin-bottom-0 top-style\"><span  style=\"color:#34ccff !important;background-color: !important;\" class=\"oic-flaticon1-delivery25 clear xlarge \" ><\/span><h4 style=\"color:#6b6b6b\">Williamsburg Banjo<\/h4><\/div><div class=\"wpb_content_element top-cs title-with-icon-content xlarge clearfix\" style=\"color:#6b6b6b\">Williamsburg banjo dreamcatcher polaroid you probably haven&#8217;t heard of them Shoreditch raw denim normcore, slow-carb whatever crucifix.<\/div><\/div>[\/vc_column_inner][vc_column_inner width=&#8221;1\/2&#8243;]<div id=\"tile-with-icon_icon419\" class=\"title-with-icon-wrapper clear xlarge \" data-color=\"\"><div class=\"wpb_content_element title-with-icon clearfix margin-bottom-0 top-style\"><span  style=\"color:#34ccff !important;background-color: !important;\" class=\"oic-flaticon2-2413 clear xlarge \" ><\/span><h4 style=\"color:#6b6b6b\">Fixie Gastropub Pug<\/h4><\/div><div class=\"wpb_content_element top-cs title-with-icon-content xlarge clearfix\" style=\"color:#6b6b6b\">Williamsburg banjo dreamcatcher polaroid you probably haven&#8217;t heard of them Shoreditch raw denim normcore, slow-carb whatever crucifix.<\/div><\/div>[\/vc_column_inner][\/vc_row_inner][\/vc_column][\/vc_row][vc_row bg_parallax=&#8221;on&#8221; font_color=&#8221;#ffffff&#8221; css=&#8221;.vc_custom_1415788201699{margin-top: 0px !important;margin-bottom: 0px !important;padding-top: 200px !important;padding-bottom: 200px !important;background-image: url(https:\/\/s3.amazonaws.com\/logistic\/uploads\/2014\/10\/Cargo_ship.jpg?id=258) !important;}&#8221; row_id=&#8221;plane&#8221;][vc_column width=&#8221;1\/2&#8243;][\/vc_column][vc_column width=&#8221;1\/2&#8243;]<span id=\"ozy_icon_1530\" class=\"ozy-icon  wpb_content_element align-center xxxlarge clean icon oic-flaticon4-cargo13 \" style=\"\" ><\/span>[vc_column_text]<\/p>\n<h2 style=\"text-align: center;\">L\u00e0 m\u1ed9t trong c\u00e1c ho\u1ea1t \u0111\u1ed9ng kinh doanh c\u1ed1t l\u00f5i v\u00e0 truy\u1ec1n th\u1ed1ng, d\u1ecbch v\u1ee5 \u0110\u1ea1i l\u00fd H\u00e0ng h\u1ea3i c\u1ee7a Thang Long Maritime \u0111\u00e3 \u0111\u01b0\u1ee3c tri\u1ec3n khai an to\u00e0n \u0111\u1ebfn nhi\u1ec1u kh\u00e1ch h\u00e0ng trong v\u00e0 ngo\u00e0i ng\u00e0nh D\u1ea7u kh\u00ed.<\/h2>\n<p>[\/vc_column_text][\/vc_column][\/vc_row][vc_row bg_parallax=&#8221;off&#8221; css=&#8221;.vc_custom_1414791187765{margin-top: 0px !important;margin-bottom: 0px !important;padding-top: 70px !important;padding-bottom: 70px !important;}&#8221; row_id=&#8221;section01&#8243;][vc_column]<h3 class=\"ozy-divider-cap-center wpb_content_element\">COMMERCIAL SERVICES - LOGISTICS SOLUTIONS<\/h3><div class=\"ozy-content-divider \" style=\"border-top-style:solid;border-top-width:2px;border-top-color:#34ccff;width:40px;max-width:40px;margin:20px auto;\"><\/div>[vc_column_text css=&#8221;.vc_custom_1633677216835{padding-right: 18% !important;padding-left: 18% !important;}&#8221;]<\/p>\n<h5 style=\"text-align: center;\">L\u00e0 \u0111\u01a1n v\u1ecb th\u00e0nh vi\u00ean c\u1ee7a PVTrans, thu\u1ed9c h\u1ec7 th\u1ed1ng T\u1eadp \u0111o\u00e0n D\u1ea7u kh\u00ed Vi\u1ec7t Nam, Thang Long Maritime c\u00f3 s\u1ef1 h\u1ed7 tr\u1ee3 v\u00e0 ph\u1ed1i h\u1ee3p \u0111\u1ed3ng b\u1ed9 t\u1eeb c\u00e1c \u0111\u01a1n v\u1ecb trong ng\u00e0nh D\u1ea7u kh\u00ed. X\u00e1c \u0111\u1ecbnh \u0111\u1ec3 t\u1ed3n t\u1ea1i v\u00e0 ph\u00e1t tri\u1ec3n trong m\u00f4i tr\u01b0\u1eddng c\u1ea1nh tranh cao nh\u01b0 hi\u1ec7n nay, Thang Long Maritime lu\u00f4n ph\u00e1t huy tinh th\u1ea7n n\u0103ng \u0111\u1ed9ng v\u00e0 s\u00e1ng t\u1ea1o trong doanh nghi\u1ec7p. Ch\u00fang t\u00f4i t\u1ea1o ra v\u00e0 duy tr\u00ec m\u00f4i tr\u01b0\u1eddng l\u00e0m vi\u1ec7c chuy\u00ean nghi\u1ec7p v\u00e0 n\u0103ng \u0111\u1ed9ng \u0111\u1ec3 t\u1ea5t c\u1ea3 c\u00e1c c\u00e1 nh\u00e2n c\u00f3 th\u1ec3 ph\u00e1t huy t\u1ed1i \u0111a n\u0103ng l\u1ef1c b\u1ea3n th\u00e2n. B\u00ean c\u1ea1nh \u0111\u00f3, c\u00e1c ch\u00ednh s\u00e1ch c\u0169ng \u0111\u01b0\u1ee3c tri\u1ec3n khai v\u00e0 v\u1eadn d\u1ee5ng linh ho\u1ea1t nh\u1eb1m \u0111\u00e1p \u1ee9ng t\u1ed1i \u0111a y\u00eau c\u1ea7u c\u1ee7a kh\u00e1ch h\u00e0ng c\u0169ng nh\u01b0 t\u00ednh bi\u1ebfn \u0111\u1ed9ng c\u1ee7a th\u1ecb tr\u01b0\u1eddng.<\/h5>\n<p>[\/vc_column_text][vc_row_inner css=&#8221;.vc_custom_1414792164570{margin-bottom: 0px !important;padding-bottom: 0px !important;}&#8221;][vc_column_inner width=&#8221;1\/3&#8243;]<div id=\"tile-with-icon_icon2136\" class=\"title-with-icon-wrapper clear xlarge \" data-color=\"\"><div class=\"wpb_content_element title-with-icon clearfix margin-bottom-0 top-style\"><span  style=\"color:#34ccff !important;background-color: !important;\" class=\"oic-flaticon2-hanging3 clear xlarge \" ><\/span><h4 style=\"color:#6b6b6b\">Austin Pitchfork<\/h4><\/div><div class=\"wpb_content_element top-cs title-with-icon-content xlarge clearfix\" style=\"color:#6b6b6b\">Williamsburg banjo dreamcatcher polaroid you probably haven&#8217;t heard of them Shoreditch raw denim normcore, slow-carb whatever crucifix.<\/div><\/div>[\/vc_column_inner][vc_column_inner width=&#8221;1\/3&#8243;]<div id=\"tile-with-icon_icon4884\" class=\"title-with-icon-wrapper clear xlarge \" data-color=\"\"><div class=\"wpb_content_element title-with-icon clearfix margin-bottom-0 top-style\"><span  style=\"color:#34ccff !important;background-color: !important;\" class=\"oic-flaticon1-frontal19 clear xlarge \" ><\/span><h4 style=\"color:#6b6b6b\">Vice Raw Denim Shabby<\/h4><\/div><div class=\"wpb_content_element top-cs title-with-icon-content xlarge clearfix\" style=\"color:#6b6b6b\">Williamsburg banjo dreamcatcher polaroid you probably haven&#8217;t heard of them Shoreditch raw denim normcore, slow-carb whatever crucifix.<\/div><\/div>[\/vc_column_inner][vc_column_inner width=&#8221;1\/3&#8243;]<div id=\"tile-with-icon_icon8482\" class=\"title-with-icon-wrapper clear xlarge \" data-color=\"\"><div class=\"wpb_content_element title-with-icon clearfix margin-bottom-0 top-style\"><span  style=\"color:#34ccff !important;background-color: !important;\" class=\"oic-flaticon1-container6 clear xlarge \" ><\/span><h4 style=\"color:#6b6b6b\">Fixie Gastropub Pug<\/h4><\/div><div class=\"wpb_content_element top-cs title-with-icon-content xlarge clearfix\" style=\"color:#6b6b6b\">Williamsburg banjo dreamcatcher polaroid you probably haven&#8217;t heard of them Shoreditch raw denim normcore, slow-carb whatever crucifix.<\/div><\/div>[\/vc_column_inner][\/vc_row_inner][\/vc_column][\/vc_row][vc_row bg_parallax=&#8221;on&#8221; css=&#8221;.vc_custom_1415788069808{margin-top: 0px !important;margin-bottom: 0px !important;padding-top: 200px !important;padding-bottom: 200px !important;background-image: url(https:\/\/s3.amazonaws.com\/logistic\/uploads\/2014\/10\/4563435333-10.jpg?id=263) !important;}&#8221; font_color=&#8221;#ffffff&#8221;][vc_column width=&#8221;1\/2&#8243; css=&#8221;.vc_custom_1414795040205{border-top-width: 1px !important;border-right-width: 1px !important;border-bottom-width: 1px !important;border-left-width: 1px !important;padding-top: 30px !important;border-left-color: #ffffff !important;border-left-style: solid !important;border-right-color: #ffffff !important;border-right-style: solid !important;border-top-color: #ffffff !important;border-top-style: solid !important;border-bottom-color: #ffffff !important;border-bottom-style: solid !important;}&#8221;]<div id=\"tile-with-icon_icon8769\" class=\"title-with-icon-wrapper clear xxlarge \" data-color=\"\"><div class=\"wpb_content_element title-with-icon clearfix margin-bottom-0 top-style\"><span  style=\"color:#ffffff !important;background-color: !important;\" class=\"oic-flaticon1-delivery18 clear xxlarge \" ><\/span><h2 class=\"content-color\" style=\"\">Keeping your business up to speed<\/h2><\/div><div class=\"wpb_content_element top-cs title-with-icon-content xxlarge clearfix\" style=\"\"><\/p>\n<h4 style=\"text-align: center;\">Williamsburg banjo dreamcatcher polaroid you probably haven&#8217;t heard of them Shoreditch raw denim normcore, slow-carb whatever crucifix.<\/h4>\n<p><\/div><\/div>[\/vc_column][vc_column width=&#8221;1\/2&#8243;][\/vc_column][\/vc_row][vc_row bg_parallax=&#8221;off&#8221; css=&#8221;.vc_custom_1461015903855{margin-top: 0px !important;margin-bottom: 0px !important;padding-top: 70px !important;padding-bottom: 40px !important;}&#8221; row_id=&#8221;section01&#8243;][vc_column]<h3 class=\"ozy-divider-cap-center wpb_content_element\">OTHER SERVICES<\/h3><div class=\"ozy-content-divider \" style=\"border-top-style:solid;border-top-width:2px;border-top-color:#34ccff;width:40px;max-width:40px;margin:20px auto;\"><\/div>[vc_column_text css=&#8221;.vc_custom_1414791237375{padding-right: 18% !important;padding-left: 18% !important;}&#8221;]<\/p>\n<h5 style=\"text-align: center;\">Artisan selvage art party Godard, forage Austin Pitchfork. Organic tofu vinyl VHS cold-pressed gastropub. Tousled letterpress actually irony Vice farm-to-table. Street art you probably haven&#8217;t heard of them bicycle rights Cosby sweater small batch, PBR&amp;B lomo.<\/h5>\n<p>[\/vc_column_text][vc_row_inner css=&#8221;.vc_custom_1427280072395{margin-bottom: 0px !important;padding-bottom: 0px !important;}&#8221;][vc_column_inner width=&#8221;1\/4&#8243;]<a href=\"#\" target=\"_self\" class=\"ozy-colored-content-box \" id=\"fancybox-601\">\n<img decoding=\"async\" src=\"https:\/\/old.tlmarine.vn\/wp-content\/uploads\/2021\/10\/11fcc8b4886a7b34227b592-e1633930001711.jpg\" alt=\"Logistics\"\/><section class=\"overlay\"><span class=\"caption heading-font\">Logistics<\/span><span class=\"tag\">Master cleanse hashtag.<\/span><\/section><section class=\"overlay-two\"><h3 class=\"ozy-vertical-centered-element\">SEE MORE<\/h3><\/section>\n<\/a>[\/vc_column_inner][vc_column_inner width=&#8221;1\/4&#8243;]<a href=\"#\" target=\"_self\" class=\"ozy-colored-content-box \" id=\"fancybox-3072\">\n<img decoding=\"async\" src=\"https:\/\/old.tlmarine.vn\/wp-content\/uploads\/2021\/10\/DSCF4047.jpg\" alt=\"Sea Freight\"\/><section class=\"overlay\"><span class=\"caption heading-font\">Sea Freight<\/span><span class=\"tag\">Master cleanse hashtag.<\/span><\/section><section class=\"overlay-two\"><h3 class=\"ozy-vertical-centered-element\">SEE MORE<\/h3><\/section>\n<\/a>[\/vc_column_inner][vc_column_inner width=&#8221;1\/4&#8243;]<a href=\"#\" target=\"_self\" class=\"ozy-colored-content-box \" id=\"fancybox-6797\">\n<img decoding=\"async\" src=\"https:\/\/old.tlmarine.vn\/wp-content\/uploads\/2021\/10\/c42e2681505fa301fa4e584.jpg\" alt=\"Shipping Agency Services\"\/><section class=\"overlay\"><span class=\"caption heading-font\">Shipping Agency Services<\/span><span class=\"tag\">Master cleanse hashtag.<\/span><\/section><section class=\"overlay-two\"><h3 class=\"ozy-vertical-centered-element\">SEE MORE<\/h3><\/section>\n<\/a>[\/vc_column_inner][vc_column_inner width=&#8221;1\/4&#8243;]<a href=\"#\" target=\"_self\" class=\"ozy-colored-content-box \" id=\"fancybox-5865\">\n<img decoding=\"async\" src=\"https:\/\/old.tlmarine.vn\/wp-content\/uploads\/2021\/10\/Van-tai-dam-DLHH.jpg\" alt=\"Value Added Services\"\/><section class=\"overlay\"><span class=\"caption heading-font\">Value Added Services<\/span><span class=\"tag\">Master cleanse hashtag.<\/span><\/section><section class=\"overlay-two\"><h3 class=\"ozy-vertical-centered-element\">SEE MORE<\/h3><\/section>\n<\/a>[\/vc_column_inner][\/vc_row_inner][\/vc_column][\/vc_row]<\/p>\n","protected":false},"excerpt":{"rendered":"<p>[vc_row bg_parallax=&#8221;off&#8221; bg_scroll=&#8221;h,-1&#8243; bottom_button=&#8221;on&#8221; bottom_button_color=&#8221;#ffffff&#8221; css=&#8221;.vc_custom_1461016079849{margin-top: 0px !important;margin-bottom: 0px !important;padding-top: 190px !important;padding-bottom: 190px !important;background-image: url(https:\/\/s3.amazonaws.com\/logistic\/uploads\/2014\/10\/logistic_bg.jpg?id=239) !important;}&#8221; row_min_height=&#8221;700px&#8221; bottom_button_icon=&#8221;oic-down-open-big&#8221; bottom_button_link=&#8221;#section01&#8243; font_color=&#8221;#ffffff&#8221;][vc_column][\/vc_column][\/vc_row][vc_row row_fullwidth=&#8221;1&#8243; bg_parallax=&#8221;off&#8221; bottom_button=&#8221;on&#8221; css=&#8221;.vc_custom_1415788342136{margin-top: 0px !important;margin-bottom: 0px !important;padding-top: 60px !important;padding-bottom: [&hellip;]<\/p>\n","protected":false},"author":1,"featured_media":0,"parent":0,"menu_order":0,"comment_status":"open","ping_status":"open","template":"","meta":{"footnotes":""},"class_list":["post-1967","page","type-page","status-publish","hentry"],"_links":{"self":[{"href":"https:\/\/old.tlmarine.vn\/index.php?rest_route=\/wp\/v2\/pages\/1967","targetHints":{"allow":["GET"]}}],"collection":[{"href":"https:\/\/old.tlmarine.vn\/index.php?rest_route=\/wp\/v2\/pages"}],"about":[{"href":"https:\/\/old.tlmarine.vn\/index.php?rest_route=\/wp\/v2\/types\/page"}],"author":[{"embeddable":true,"href":"https:\/\/old.tlmarine.vn\/index.php?rest_route=\/wp\/v2\/users\/1"}],"replies":[{"embeddable":true,"href":"https:\/\/old.tlmarine.vn\/index.php?rest_route=%2Fwp%2Fv2%2Fcomments&post=1967"}],"version-history":[{"count":1,"href":"https:\/\/old.tlmarine.vn\/index.php?rest_route=\/wp\/v2\/pages\/1967\/revisions"}],"predecessor-version":[{"id":1968,"href":"https:\/\/old.tlmarine.vn\/index.php?rest_route=\/wp\/v2\/pages\/1967\/revisions\/1968"}],"wp:attachment":[{"href":"https:\/\/old.tlmarine.vn\/index.php?rest_route=%2Fwp%2Fv2%2Fmedia&parent=1967"}],"curies":[{"name":"wp","href":"https:\/\/api.w.org\/{rel}","templated":true}]}}