{"id":1959,"date":"2014-11-01T11:51:06","date_gmt":"2014-11-01T11:51:06","guid":{"rendered":"https:\/\/tlmarine.vn\/?page_id=1959"},"modified":"2021-10-12T17:26:49","modified_gmt":"2021-10-12T10:26:49","slug":"van-tai-dau-san-pham-va-hoa-chat","status":"publish","type":"page","link":"https:\/\/old.tlmarine.vn\/?page_id=1959","title":{"rendered":"V\u1eadn t\u1ea3i d\u1ea7u s\u1ea3n ph\u1ea9m v\u00e0 h\u00f3a ch\u1ea5t"},"content":{"rendered":"<p>[vc_row bg_parallax=&#8221;off&#8221; css=&#8221;.vc_custom_1414841734642{margin-top: 0px !important;padding-top: 40px !important;}&#8221;][vc_column][vc_single_image image=&#8221;1837&#8243; img_size=&#8221;full&#8221; alignment=&#8221;center&#8221;][vc_column_text]<\/p>\n<h3>V\u1eadn t\u1ea3i d\u1ea7u s\u1ea3n ph\u1ea9m\/h\u00f3a ch\u1ea5t l\u00e0 ho\u1ea1t \u0111\u1ed9ng kinh doanh c\u1ed1t l\u00f5i c\u1ee7a Thang Long Maritime<\/h3>\n<p>\u0110\u00e2y l\u00e0 ho\u1ea1t \u0111\u1ed9ng kinh doanh chi\u1ebfn l\u01b0\u1ee3c c\u1ee7a Thang Long Maritime. Ch\u00fang t\u00f4i \u0111ang ph\u00e1t tri\u1ec3n \u0111\u1ed9i t\u00e0u v\u1eadn t\u1ea3i d\u1ea7u s\u1ea3n ph\u1ea9m, h\u00f3a ch\u1ea5t v\u1edbi tr\u1ecdng t\u1ea3i t\u1eeb 10,000 \u2013 20,000 DWT v\u00e0 c\u00e1c t\u00e0u ch\u1edf h\u00e0ng t\u1eeb 20,000 \u2013 30,000 DWT cho th\u1ecb tr\u01b0\u1eddng qu\u1ed1c t\u1ebf v\u00e0 c\u00e1c t\u00e0u nh\u1ecf h\u01a1n ph\u1ee5c v\u1ee5 th\u1ecb tr\u01b0\u1eddng n\u1ed9i \u0111\u1ecba v\u00e0 c\u00e1c nh\u00e0 m\u00e1y l\u1ecdc d\u1ea7u \u1edf Vi\u1ec7t Nam.<\/p>\n<p><img loading=\"lazy\" decoding=\"async\" class=\"wp-image-1960 alignleft\" src=\"https:\/\/tlmarine.vn\/wp-content\/uploads\/2021\/10\/IMAG2821-150x150.jpg\" alt=\"\" width=\"200\" height=\"200\" srcset=\"https:\/\/old.tlmarine.vn\/wp-content\/uploads\/2021\/10\/IMAG2821-150x150.jpg 150w, https:\/\/old.tlmarine.vn\/wp-content\/uploads\/2021\/10\/IMAG2821-480x480.jpg 480w, https:\/\/old.tlmarine.vn\/wp-content\/uploads\/2021\/10\/IMAG2821-720x720.jpg 720w\" sizes=\"auto, (max-width: 200px) 100vw, 200px\" \/>V\u1edbi kh\u1ea3 n\u0103ng qu\u1ea3n l\u00fd, khai th\u00e1c v\u1eadn h\u00e0nh hi\u1ec7u qu\u1ea3 c\u0169ng nh\u01b0 ngu\u1ed3n v\u1ed1n \u0111\u01b0\u1ee3c ho\u1ea1ch \u0111\u1ecbnh, Thang Long Maritime cam k\u1ebft tri\u1ec3n khai c\u00e1c nhi\u1ec7m v\u1ee5 \u0111\u01b0\u1ee3c giao b\u1edfi PVTrans t\u1ea1i th\u1ecb tr\u01b0\u1eddng trong n\u01b0\u1edbc c\u0169ng nh\u01b0 t\u0103ng th\u1ecb ph\u1ea7n \u1edf th\u1ecb tr\u01b0\u1eddng n\u01b0\u1edbc ngo\u00e0i.<\/p>\n<p><img loading=\"lazy\" decoding=\"async\" class=\"wp-image-1961 alignleft\" src=\"https:\/\/tlmarine.vn\/wp-content\/uploads\/2021\/10\/bf1e0c9ae84e1b10425f-150x150.jpg\" alt=\"\" width=\"200\" height=\"200\" srcset=\"https:\/\/old.tlmarine.vn\/wp-content\/uploads\/2021\/10\/bf1e0c9ae84e1b10425f-150x150.jpg 150w, https:\/\/old.tlmarine.vn\/wp-content\/uploads\/2021\/10\/bf1e0c9ae84e1b10425f-480x480.jpg 480w, https:\/\/old.tlmarine.vn\/wp-content\/uploads\/2021\/10\/bf1e0c9ae84e1b10425f-720x720.jpg 720w\" sizes=\"auto, (max-width: 200px) 100vw, 200px\" \/>Hi\u1ec7n nay, Thang Long Maritime \u0111ang t\u0103ng c\u01b0\u1eddng quan h\u1ec7 h\u1ee3p t\u00e1c v\u1edbi c\u00e1c \u0111\u1ed1i t\u00e1c, kh\u00e1ch h\u00e0ng trong v\u00e0 ngo\u00e0i n\u01b0\u1edbc, h\u01b0\u1edbng \u0111\u1ebfn t\u0103ng c\u01b0\u1eddng n\u0103ng l\u1ef1c ho\u1ea1t \u0111\u1ed9ng v\u00e0 d\u1ecbch v\u1ee5 tr\u00ean quy m\u00f4 to\u00e0n c\u1ea7u.[\/vc_column_text][\/vc_column][\/vc_row][vc_row css=&#8221;.vc_custom_1461016607996{margin-bottom: 0px !important;padding-bottom: 40px !important;}&#8221;][vc_column width=&#8221;1\/3&#8243;]<div id=\"tile-with-icon_icon1913\" class=\"title-with-icon-wrapper clear xxlarge \" data-color=\"\"><div class=\"wpb_content_element title-with-icon clearfix top-style\"><span  style=\"color:#34ccff !important;background-color: !important;\" class=\"oic-flaticon2-thumbs18 clear xxlarge \" ><\/span><h4 class=\"content-color\" style=\"\">Reliable Service<\/h4><\/div><\/div>[\/vc_column][vc_column width=&#8221;1\/3&#8243;]<div id=\"tile-with-icon_icon6936\" class=\"title-with-icon-wrapper clear xxlarge \" data-color=\"\"><div class=\"wpb_content_element title-with-icon clearfix top-style\"><span  style=\"color:#34ccff !important;background-color: !important;\" class=\"oic-flaticon1-containers clear xxlarge \" ><\/span><h4 class=\"content-color\" style=\"\">Transport Carriers<\/h4><\/div><\/div>[\/vc_column][vc_column width=&#8221;1\/3&#8243;]<div id=\"tile-with-icon_icon4002\" class=\"title-with-icon-wrapper clear xxlarge \" data-color=\"\"><div class=\"wpb_content_element title-with-icon clearfix top-style\"><span  style=\"color:#34ccff !important;background-color: !important;\" class=\"oic-flaticon1-identification4 clear xxlarge \" ><\/span><h4 class=\"content-color\" style=\"\">Worldwide Destination<\/h4><\/div><\/div>[\/vc_column][\/vc_row]<\/p>\n","protected":false},"excerpt":{"rendered":"<p>[vc_row bg_parallax=&#8221;off&#8221; css=&#8221;.vc_custom_1414841734642{margin-top: 0px !important;padding-top: 40px !important;}&#8221;][vc_column][vc_single_image image=&#8221;1837&#8243; img_size=&#8221;full&#8221; alignment=&#8221;center&#8221;][vc_column_text] V\u1eadn t\u1ea3i d\u1ea7u s\u1ea3n ph\u1ea9m\/h\u00f3a ch\u1ea5t l\u00e0 ho\u1ea1t \u0111\u1ed9ng kinh doanh c\u1ed1t l\u00f5i c\u1ee7a Thang Long Maritime \u0110\u00e2y l\u00e0 ho\u1ea1t [&hellip;]<\/p>\n","protected":false},"author":1,"featured_media":0,"parent":0,"menu_order":0,"comment_status":"open","ping_status":"open","template":"","meta":{"footnotes":""},"class_list":["post-1959","page","type-page","status-publish","hentry"],"_links":{"self":[{"href":"https:\/\/old.tlmarine.vn\/index.php?rest_route=\/wp\/v2\/pages\/1959","targetHints":{"allow":["GET"]}}],"collection":[{"href":"https:\/\/old.tlmarine.vn\/index.php?rest_route=\/wp\/v2\/pages"}],"about":[{"href":"https:\/\/old.tlmarine.vn\/index.php?rest_route=\/wp\/v2\/types\/page"}],"author":[{"embeddable":true,"href":"https:\/\/old.tlmarine.vn\/index.php?rest_route=\/wp\/v2\/users\/1"}],"replies":[{"embeddable":true,"href":"https:\/\/old.tlmarine.vn\/index.php?rest_route=%2Fwp%2Fv2%2Fcomments&post=1959"}],"version-history":[{"count":3,"href":"https:\/\/old.tlmarine.vn\/index.php?rest_route=\/wp\/v2\/pages\/1959\/revisions"}],"predecessor-version":[{"id":1964,"href":"https:\/\/old.tlmarine.vn\/index.php?rest_route=\/wp\/v2\/pages\/1959\/revisions\/1964"}],"wp:attachment":[{"href":"https:\/\/old.tlmarine.vn\/index.php?rest_route=%2Fwp%2Fv2%2Fmedia&parent=1959"}],"curies":[{"name":"wp","href":"https:\/\/api.w.org\/{rel}","templated":true}]}}