{"id":1907,"date":"2014-10-30T00:24:02","date_gmt":"2014-10-30T00:24:02","guid":{"rendered":"https:\/\/tlmarine.vn\/?page_id=1907"},"modified":"2021-11-18T09:38:44","modified_gmt":"2021-11-18T02:38:44","slug":"about-basic","status":"publish","type":"page","link":"https:\/\/old.tlmarine.vn\/?page_id=1907","title":{"rendered":"V\u1ec1 ch\u00fang t\u00f4i"},"content":{"rendered":"<p>[vc_row][vc_column][vc_column_text]<\/p>\n<h3>V\u00e0i n\u00e9t v\u1ec1 Thang Long Maritime<\/h3>\n<ul>\n<li>Nh\u00e0 v\u1eadn t\u1ea3i v\u00e0 logistics ti\u00ean phong t\u1ea1i Tp.HCM v\u00e0 V\u0169ng T\u00e0u.<\/li>\n<li>Thang Long Maritime cung c\u1ea5p c\u00e1c d\u1ecbch v\u1ee5 \u0111a d\u1ea1ng t\u1ea1i th\u1ecb tr\u01b0\u1eddng trong n\u01b0\u1edbc c\u0169ng nh\u01b0 qu\u1ed1c t\u1ebf.<\/li>\n<\/ul>\n<p>Thang Long Maritime, m\u1ed9t \u0111\u01a1n v\u1ecb th\u00e0nh vi\u00ean c\u1ee7a T\u1ed5ng c\u00f4ng ty CP V\u1eadn t\u1ea3i D\u1ea7u kh\u00ed (PV TRANS) l\u00e0 nh\u00e0 cung c\u1ea5p d\u1ecbch v\u1ee5 v\u1eadn t\u1ea3i v\u00e0 c\u00e1c gi\u1ea3i ph\u00e1p logistics to\u00e0n c\u1ea7u. Ch\u00fang t\u00f4i c\u00f3 v\u0103n ph\u00f2ng t\u1ea1i TP.HCM, V\u0169ng T\u00e0u v\u00e0 m\u1ea1ng l\u01b0\u1edbi \u0111\u1ea1i l\u00fd, \u0111\u1ed1i t\u00e1c tr\u00ean to\u00e0n th\u1ebf gi\u1edbi, gi\u00fap ch\u00fang t\u00f4i c\u00f3 th\u1ec3 cung c\u1ea5p d\u1ecbch v\u1ee5 to\u00e0n c\u1ea7u.[\/vc_column_text][vc_row_inner][vc_column_inner width=&#8221;1\/6&#8243;]<span id=\"ozy_icon_2885\" class=\"ozy-icon  wpb_content_element align-left xlarge square icon oic-flaticon1-delivery31 \" style=\"background-color:#34ccff!important;color:#ffffff;float:left\" data-color=\"#34ccff\"><\/span>[\/vc_column_inner][vc_column_inner width=&#8221;5\/6&#8243;][vc_column_text]<\/p>\n<h4>V\u1eadn t\u1ea3i d\u1ea7u s\u1ea3n ph\u1ea9m, h\u00f3a ch\u1ea5t v\u00e0 d\u1ea7u th\u1ef1c v\u1eadt<\/h4>\n<p>Thang Long Maritime t\u1eadp trung ph\u00e1t tri\u1ec3n \u0111\u1ed9i t\u00e0u ch\u1edf d\u1ea7u s\u1ea3n ph\u1ea9m v\u00e0 h\u00f3a ch\u1ea5t v\u1edbi t\u1ea3i tr\u1ecdng t\u1eeb 10,000 \u2013 20,000 DWT v\u00e0 c\u00e1c t\u00e0u ch\u1edf h\u00e0ng t\u1eeb 20,000 \u2013 30,000 DWT. \u0110\u1ed9i t\u00e0u c\u1ee7a ch\u00fang t\u00f4i ho\u1ea1t \u0111\u1ed9ng t\u1ea1i nhi\u1ec1u c\u1ea3ng \u1edf khu v\u1ef1c Ch\u00e2u \u00c1 &#8211; Th\u00e1i B\u00ecnh D\u01b0\u01a1ng, \u1ea4n \u0110\u1ed9 D\u01b0\u01a1ng v\u00e0 Trung \u0110\u00f4ng, \u0111\u00e1p \u1ee9ng c\u00e1c y\u00eau c\u1ea7u \u0111a d\u1ea1ng c\u1ee7a kh\u00e1ch h\u00e0ng.[\/vc_column_text][\/vc_column_inner][\/vc_row_inner][vc_row_inner][vc_column_inner width=&#8221;1\/6&#8243;]<span id=\"ozy_icon_1100\" class=\"ozy-icon  wpb_content_element align-left xlarge square icon oic-outlined-iconset \" style=\"background-color:#34ccff!important;color:#ffffff;float:left\" data-color=\"#34ccff\"><\/span>[\/vc_column_inner][vc_column_inner width=&#8221;5\/6&#8243;][vc_column_text]<\/p>\n<h4>D\u1ecbch v\u1ee5 \u0110\u1ea1i l\u00fd H\u00e0ng h\u1ea3i<\/h4>\n<p>Thang Long Martime l\u00e0 m\u1ed9t trong nh\u1eefng c\u00f4ng ty ti\u00ean phong cung c\u1ea5p d\u1ecbch v\u1ee5 \u0111\u1ea1i l\u00fd h\u00e0ng h\u1ea3i t\u1ea1i Vi\u1ec7t Nam v\u1edbi m\u1ea1ng l\u01b0\u1edbi chi nh\u00e1nh tr\u00ean to\u00e0n qu\u1ed1c. Ch\u00fang t\u00f4i lu\u00f4n s\u1eb5n s\u00e0ng cung c\u1ea5p d\u1ecbch v\u1ee5 \u0111\u1ea1i l\u00fd h\u00e0ng h\u1ea3i v\u1edbi gi\u00e1 tr\u1ecb t\u1ed1i \u01b0u v\u00e0 hi\u1ec7u qu\u1ea3 \u0111\u1ebfn kh\u00e1ch h\u00e0ng t\u1ea1i t\u1ea5t c\u1ea3 c\u00e1c c\u1ea3ng Vi\u1ec7t Nam.<\/p>\n<p>V\u1edbi b\u1ec1 d\u00e0y kinh nghi\u1ec7m cung c\u1ea5p d\u1ecbch v\u1ee5 \u0111\u1ea1i l\u00fd cho c\u00e1c t\u00e0u d\u1ea7u th\u00f4, d\u1ea7u s\u1ea3n ph\u1ea9m, t\u00e0u h\u00f3a ch\u1ea5t, t\u00e0u h\u00e0ng r\u1eddi, LPG\u2026, c\u00f9ng v\u1edbi v\u1edbi s\u1ef1 am hi\u1ec3u v\u00e0 quan h\u1ec7 t\u1ed1t v\u1edbi ch\u00ednh quy\u1ec1n c\u1ea3ng, c\u00e1c \u0111\u01a1n v\u1ecb h\u1eefu quan trong khu v\u1ef1c \u0111\u00e3 gi\u00fap cho Thang Long Maritime th\u1ef1c hi\u1ec7n t\u1ed1t c\u00f4ng t\u00e1c \u0111\u1ea1i l\u00fd cho \u0111\u1ed9i t\u00e0u c\u1ee7a T\u1ed5ng C\u00f4ng ty PVTrans\/c\u00e1c \u0111\u01a1n v\u1ecb th\u00e0nh vi\u00ean c\u0169ng nh\u01b0 kh\u00e1ch h\u00e0ng trong v\u00e0 ngo\u00e0i n\u01b0\u1edbc.<\/p>\n<p>B\u00ean c\u1ea1nh \u0111\u00f3, Thang Long Maritime duy tr\u00ec v\u00e0 ph\u00e1t huy quan h\u1ec7 t\u1ed1t v\u1edbi c\u00e1c c\u00f4ng ty khai th\u00e1c c\u1ea3ng, gi\u00e0n khoan ngo\u00e0i kh\u01a1i Vi\u1ec7t Nam v\u00e0 \u0111\u00e3 th\u1ef1c hi\u1ec7n an to\u00e0n h\u00e0ng ng\u00e0n l\u01b0\u1ee3t t\u00e0u v\u00e0o nh\u1eadn d\u1ea7u th\u00f4 t\u1ea1i c\u00e1c m\u1ecf n\u00e0y.<\/p>\n<p>V\u1edbi \u0111\u1ed9i ng\u0169 \u0111\u1ea1i l\u00fd vi\u00ean \u0111\u01b0\u1ee3c \u0111\u00e0o t\u1ea1o chuy\u00ean nghi\u1ec7p v\u00e0 c\u00f3 nhi\u1ec1u kinh nghi\u1ec7m trong l\u0129nh v\u1ef1c \u0111\u1ea1i l\u00fd h\u00e0ng h\u1ea3i, Thang Long Maritime cam k\u1ebft s\u1ebd \u0111em \u0111\u1ebfn cho kh\u00e1ch h\u00e0ng s\u1ef1 h\u00e0i l\u00f2ng v\u1edbi d\u1ecbch v\u1ee5 t\u1ed1i \u01b0u nh\u1ea5t.[\/vc_column_text][\/vc_column_inner][\/vc_row_inner][vc_row_inner][vc_column_inner width=&#8221;1\/6&#8243;]<span id=\"ozy_icon_2449\" class=\"ozy-icon  wpb_content_element align-left xlarge square icon oic-flaticon4-cane3 \" style=\"background-color:#34ccff!important;color:#ffffff;float:left\" data-color=\"#34ccff\"><\/span>[\/vc_column_inner][vc_column_inner width=&#8221;5\/6&#8243;][vc_column_text]<\/p>\n<h4>C\u00e1c d\u1ecbch v\u1ee5 H\u00e0ng h\u1ea3i v\u00e0 Logistics kh\u00e1c<\/h4>\n<p>Ho\u1ea1t \u0111\u1ed9ng ch\u00ednh c\u1ee7a TLM c\u00f2n bao g\u1ed3m d\u1ecbch v\u1ee5 h\u00e0ng h\u1ea3i, logistics v\u00e0 c\u00e1c d\u1ecbch v\u1ee5 kh\u00e1c li\u00ean quan.<\/p>\n<p>V\u1eadn h\u00e0nh tr\u00ean quy m\u00f4 to\u00e0n c\u1ea7u, Thang Long Maritime lu\u00f4n ph\u1ea5n \u0111\u1ea5u cung c\u1ea5p gi\u00e1 tr\u1ecb t\u1ed1i \u01b0u nh\u1ea5t cho kh\u00e1ch h\u00e0ng nh\u1edd v\u00e0o \u0111\u1ed9i ng\u0169 thuy\u1ec1n vi\u00ean \u0111\u1ea1t chu\u1ea9n, c\u00e1n b\u1ed9 nh\u00e2n vi\u00ean t\u1eadn t\u00e2m v\u00e0 h\u1ec7 th\u1ed1ng qu\u1ea3n l\u00fd chuy\u00ean nghi\u1ec7p.<\/p>\n<p>[\/vc_column_text][\/vc_column_inner][\/vc_row_inner][vc_row_inner][vc_column_inner width=&#8221;1\/6&#8243;]<span id=\"ozy_icon_1012\" class=\"ozy-icon  wpb_content_element align-left xlarge square icon oic-flaticon4-organizing \" style=\"background-color:#34ccff!important;color:#ffffff;float:left\" data-color=\"#34ccff\"><\/span>[\/vc_column_inner][vc_column_inner width=&#8221;5\/6&#8243;][vc_column_text]<\/p>\n<h4>C\u00e1c d\u1ecbch v\u1ee5 gi\u00e1 tr\u1ecb gia t\u0103ng<\/h4>\n<p>V\u1edbi \u0111\u1ed9i ng\u0169 c\u00e1n b\u1ed9 nh\u00e2n vi\u00ean chuy\u00ean nghi\u1ec7p v\u00e0 m\u1ea1ng l\u01b0\u1edbi \u0111\u1ed1i t\u00e1c, \u0111\u1ea1i l\u00fd tr\u00ean to\u00e0n th\u1ebf gi\u1edbi, ch\u00fang t\u00f4i c\u00f3 th\u1ec3 cung c\u1ea5p cho nh\u1eefng kh\u00e1ch h\u00e0ng c\u1ee7a m\u00ecnh m\u1ed9t lo\u1ea1t c\u00e1c gi\u1ea3i ph\u00e1p v\u1eadn chuy\u1ec3n v\u00e0 h\u1eadu c\u1ea7n qu\u1ed1c t\u1ebf, ph\u00e1t tri\u1ec3n c\u00e1c l\u1ef1a ch\u1ecdn c\u01b0\u1edbc l\u00fd t\u01b0\u1edfng v\u00e0 cung c\u1ea5p c\u00e1c d\u1ecbch v\u1ee5 gi\u00e1 tr\u1ecb gia t\u0103ng trong kh\u1eafp chu\u1ed7i cung \u1eebng c\u1ee7a kh\u00e1ch h\u00e0ng.<\/p>\n<p>Xu\u1ea5t ph\u00e1t t\u1eeb ph\u01b0\u01a1ng ch\u00e2m h\u00e0nh \u0111\u1ed9ng v\u00e0 gi\u00e1 tr\u1ecb c\u1ed1t l\u00f5i c\u1ee7a m\u00ecnh, ch\u00fang t\u00f4i lu\u00f4n d\u1ef1a v\u00e0o xu h\u01b0\u1edbng v\u00e0 t\u00ecnh tr\u1ea1ng c\u1ee7a th\u1ecb tr\u01b0\u1eddng, \u0111\u1ed3ng th\u1eddi duy tr\u00ec m\u1ed1i quan h\u1ec7 l\u00e0m vi\u1ec7c ch\u1eb7t ch\u1ebd v\u1edbi c\u00e1c ch\u00ednh quy\u1ec1n c\u1ea3ng, c\u01a1 quan h\u1eefu quan, nh\u00e0 cung c\u1ea5p, c\u00e1c \u0111\u1ed1i t\u00e1c nh\u1eb1m cung c\u1ea5p c\u00e1c gi\u1ea3i ph\u00e1p, d\u1ecbch v\u1ee5 t\u1ed1i \u01b0u v\u00e0 hi\u1ec7u qu\u1ea3 nh\u1ea5t cho kh\u00e1ch h\u00e0ng.[\/vc_column_text][\/vc_column_inner][\/vc_row_inner][\/vc_column][\/vc_row]<\/p>\n","protected":false},"excerpt":{"rendered":"<p>[vc_row][vc_column][vc_column_text] V\u00e0i n\u00e9t v\u1ec1 Thang Long Maritime Nh\u00e0 v\u1eadn t\u1ea3i v\u00e0 logistics ti\u00ean phong t\u1ea1i Tp.HCM v\u00e0 V\u0169ng T\u00e0u. Thang Long Maritime cung c\u1ea5p c\u00e1c d\u1ecbch v\u1ee5 \u0111a d\u1ea1ng t\u1ea1i [&hellip;]<\/p>\n","protected":false},"author":1,"featured_media":0,"parent":1905,"menu_order":0,"comment_status":"open","ping_status":"open","template":"","meta":{"footnotes":""},"class_list":["post-1907","page","type-page","status-publish","hentry"],"_links":{"self":[{"href":"https:\/\/old.tlmarine.vn\/index.php?rest_route=\/wp\/v2\/pages\/1907","targetHints":{"allow":["GET"]}}],"collection":[{"href":"https:\/\/old.tlmarine.vn\/index.php?rest_route=\/wp\/v2\/pages"}],"about":[{"href":"https:\/\/old.tlmarine.vn\/index.php?rest_route=\/wp\/v2\/types\/page"}],"author":[{"embeddable":true,"href":"https:\/\/old.tlmarine.vn\/index.php?rest_route=\/wp\/v2\/users\/1"}],"replies":[{"embeddable":true,"href":"https:\/\/old.tlmarine.vn\/index.php?rest_route=%2Fwp%2Fv2%2Fcomments&post=1907"}],"version-history":[{"count":5,"href":"https:\/\/old.tlmarine.vn\/index.php?rest_route=\/wp\/v2\/pages\/1907\/revisions"}],"predecessor-version":[{"id":2202,"href":"https:\/\/old.tlmarine.vn\/index.php?rest_route=\/wp\/v2\/pages\/1907\/revisions\/2202"}],"up":[{"embeddable":true,"href":"https:\/\/old.tlmarine.vn\/index.php?rest_route=\/wp\/v2\/pages\/1905"}],"wp:attachment":[{"href":"https:\/\/old.tlmarine.vn\/index.php?rest_route=%2Fwp%2Fv2%2Fmedia&parent=1907"}],"curies":[{"name":"wp","href":"https:\/\/api.w.org\/{rel}","templated":true}]}}