{"id":1902,"date":"2014-10-26T21:06:50","date_gmt":"2014-10-26T21:06:50","guid":{"rendered":"https:\/\/tlmarine.vn\/home-world-map-tieng-viet\/"},"modified":"2024-01-06T21:32:07","modified_gmt":"2024-01-06T14:32:07","slug":"home-world-map-2","status":"publish","type":"page","link":"https:\/\/old.tlmarine.vn\/","title":{"rendered":"Home VN"},"content":{"rendered":"<p>[vc_row gap=&#8221;30&#8243; row_fullwidth=&#8221;1&#8243; bg_parallax=&#8221;off&#8221; css=&#8221;.vc_custom_1634614915218{margin-top: 0px !important;margin-right: 0px !important;margin-bottom: 0px !important;margin-left: 0px !important;padding-top: 20px !important;padding-right: 5px !important;padding-bottom: 20px !important;padding-left: 5px !important;}&#8221;][vc_column width=&#8221;1\/4&#8243;]<a href=\"https:\/\/tlmarine.vn\/vi\/van-tai-dau-san-pham-va-hoa-chat\/\" target=\"_self\" class=\"ozy-fancyimagebox \" id=\"fancybox-9481\">\n<img decoding=\"async\" src=\"https:\/\/old.tlmarine.vn\/wp-content\/uploads\/2021\/10\/14.-PVT-Dragon-scaled-e1634612912970.jpg\" alt=\"V\u1eadn t\u1ea3i bi\u1ec3n\"\/><section><h2 style=\"display:none\">V\u1eadn t\u1ea3i bi\u1ec3n<\/h2><section><span class=\"tag\">TRANSPORTATION<\/span><h2>V\u1eadn t\u1ea3i bi\u1ec3n<\/h2><span class=\"line\"><\/span><p>D\u1ecaCH V\u1ee4<\/p><\/section><\/section>\n<\/a>[\/vc_column][vc_column width=&#8221;1\/4&#8243;]<a href=\"https:\/\/tlmarine.vn\/vi\/dich-vu-dai-ly-hang-hai\/\" target=\"_self\" class=\"ozy-fancyimagebox \" id=\"fancybox-1822\">\n<img decoding=\"async\" src=\"https:\/\/old.tlmarine.vn\/wp-content\/uploads\/2021\/10\/Bai-2_ky-1_Gian-xu-ly-trung-tam-Sao-Vang_2-1.jpg\" alt=\"\u0110\u1ea1i l\u00fd H\u00e0ng h\u1ea3i\"\/><section><h2 style=\"display:none\">\u0110\u1ea1i l\u00fd H\u00e0ng h\u1ea3i<\/h2><section><span class=\"tag\">SHIPPING AGENCY<\/span><h2>\u0110\u1ea1i l\u00fd H\u00e0ng h\u1ea3i<\/h2><span class=\"line\"><\/span><p>D\u1ecaCH V\u1ee4<\/p><\/section><\/section>\n<\/a>[\/vc_column][vc_column width=&#8221;1\/4&#8243;]<a href=\"https:\/\/tlmarine.vn\/vi\/dich-vu-dai-ly-hang-hai\/dich-vu-logistics\/\" target=\"_self\" class=\"ozy-fancyimagebox \" id=\"fancybox-2995\">\n<img decoding=\"async\" src=\"https:\/\/old.tlmarine.vn\/wp-content\/uploads\/2021\/10\/Van-tai-dam-DLHH-1.jpg\" alt=\"D\u1ecbch v\u1ee5 Logistics\"\/><section><h2 style=\"display:none\">D\u1ecbch v\u1ee5 Logistics<\/h2><section><span class=\"tag\">LOGISTICS<\/span><h2>D\u1ecbch v\u1ee5 Logistics<\/h2><span class=\"line\"><\/span><p>D\u1ecaCH V\u1ee4<\/p><\/section><\/section>\n<\/a>[\/vc_column][vc_column width=&#8221;1\/4&#8243;]<a href=\"https:\/\/tlmarine.vn\/vi\/dich-vu-gia-tri-gia-tang\/\" target=\"_self\" class=\"ozy-fancyimagebox \" id=\"fancybox-7630\">\n<img decoding=\"async\" src=\"https:\/\/old.tlmarine.vn\/wp-content\/uploads\/2021\/10\/Nguoi-lao-dong-Dau-khi-dam-bao-an-toan-san-xuat-trong-dich-COVID-19.jpg\" alt=\"D\u1ecbch v\u1ee5 GTGT\"\/><section><h2 style=\"display:none\">D\u1ecbch v\u1ee5 GTGT<\/h2><section><span class=\"tag\">LOGISTICS<\/span><h2>D\u1ecbch v\u1ee5 GTGT<\/h2><span class=\"line\"><\/span><p>D\u1ecaCH V\u1ee4<\/p><\/section><\/section>\n<\/a>[\/vc_column][\/vc_row][vc_row gap=&#8221;30&#8243; row_fullwidth=&#8221;1&#8243; bg_parallax=&#8221;off&#8221; css=&#8221;.vc_custom_1461015045074{margin-top: 0px !important;margin-bottom: 0px !important;padding-top: 40px !important;padding-bottom: 40px !important;}&#8221;][vc_column width=&#8221;1\/2&#8243;][vc_column_text]<\/p>\n<h2><span style=\"color: #000080;\">TLM<\/span> &#8211; \u0110\u1ed1i t\u00e1c V\u1eadn <span style=\"color: #000080;\"><strong>T<\/strong><\/span>\u1ea3i v\u00e0 <span style=\"color: #000080;\"><strong>L<\/strong><\/span>ogistics c\u1ee7a <span style=\"color: #000080;\"><strong>M<\/strong><\/span>\u1ecdi kh\u00e1ch h\u00e0ng<\/h2>\n<h4>Thang Long Maritime, \u0111\u01a1n v\u1ecb th\u00e0nh vi\u00ean c\u1ee7a T\u1ed5ng c\u00f4ng ty CP V\u1eadn t\u1ea3i D\u1ea7u kh\u00ed (PVTRANS) l\u00e0 nh\u00e0 cung c\u1ea5p d\u1ecbch v\u1ee5 v\u1eadn t\u1ea3i v\u00e0 c\u00e1c gi\u1ea3i ph\u00e1p logistics to\u00e0n c\u1ea7u. Ch\u00fang t\u00f4i c\u00f3 v\u0103n ph\u00f2ng t\u1ea1i Tp. HCM, V\u0169ng T\u00e0u v\u00e0 m\u1ea1ng l\u01b0\u1edbi c\u00e1c \u0111\u1ea1i l\u00fd v\u00e0 \u0111\u1ed1i t\u00e1c qu\u1ed1c t\u1ebf, gi\u00fap ch\u00fang t\u00f4i c\u00f3 th\u1ec3 cung c\u1ea5p d\u1ecbch v\u1ee5 t\u1ed1i \u01b0u v\u00e0 linh ho\u1ea1t tr\u00ean to\u00e0n c\u1ea7u.<\/h4>\n<p>Ho\u1ea1t \u0111\u1ed9ng ch\u00ednh c\u1ee7a ch\u00fang t\u00f4i bao g\u1ed3m: V\u1eadn t\u1ea3i d\u1ea7u s\u1ea3n ph\u1ea9m, h\u00f3a ch\u1ea5t, d\u1ea7u th\u1ef1c v\u1eadt; d\u1ecbch v\u1ee5 h\u00e0ng h\u1ea3i, logistics services v\u00e0 c\u00e1c d\u1ecbch v\u1ee5 kh\u00e1c li\u00ean quan.<\/p>\n<p>Thang Long Maritime t\u1eadp trung ph\u00e1t tri\u1ec3n \u0111\u1ed9i t\u00e0u ch\u1edf d\u1ea7u s\u1ea3n ph\u1ea9m v\u00e0 h\u00f3a ch\u1ea5t v\u1edbi t\u1ea3i tr\u1ecdng t\u1eeb 10,000 \u2013 20,000 DWT v\u00e0 c\u00e1c t\u00e0u ch\u1edf h\u00e0ng t\u1eeb 20,000 \u2013 30,000 DWT. \u0110\u1ed9i t\u00e0u c\u1ee7a ch\u00fang t\u00f4i ho\u1ea1t \u0111\u1ed9ng t\u1ea1i nhi\u1ec1u c\u1ea3ng \u1edf khu v\u1ef1c Ch\u00e2u \u00c1 \u2013 Th\u00e1i B\u00ecnh D\u01b0\u01a1ng, \u1ea4n \u0110\u1ed9 D\u01b0\u01a1ng v\u00e0 Trung \u0110\u00f4ng, \u0111\u00e1p \u1ee9ng c\u00e1c y\u00eau c\u1ea7u \u0111a d\u1ea1ng c\u1ee7a kh\u00e1ch h\u00e0ng.<\/p>\n<p>V\u1eadn h\u00e0nh tr\u00ean quy m\u00f4 to\u00e0n c\u1ea7u, Thang Long Maritime lu\u00f4n ph\u1ea5n \u0111\u1ea5u cung c\u1ea5p gi\u00e1 tr\u1ecb t\u1ed1i \u01b0u nh\u1ea5t cho kh\u00e1ch h\u00e0ng nh\u1edd v\u00e0o \u0111\u1ed9i ng\u0169 thuy\u1ec1n vi\u00ean \u0111\u1ea1t chu\u1ea9n, c\u00e1n b\u1ed9 nh\u00e2n vi\u00ean t\u1eadn t\u00e2m v\u00e0 h\u1ec7 th\u1ed1ng qu\u1ea3n l\u00fd chuy\u00ean nghi\u1ec7p.[\/vc_column_text][\/vc_column][vc_column width=&#8221;1\/4&#8243;]<h4 class=\"ozy-divider-cap-left wpb_content_element\">NEWS UPDATES<\/h4><div class=\"ozy-content-divider \" style=\"border-top-style:solid;border-top-width:3px;border-top-color:#34ccff\"><\/div><div style=\"height:20px\" class=\"ozy-spacer\"><\/div><div class=\"wpb_wrapper\"><ul class=\"blog-listing-latest\">\n<li><div class=\"box-date\"><span class=\"d\">15<\/span><span class=\"m\">Dec<\/span><\/div>\n<div class=\"box-wrapper\">\n<h4>C\u00d4NG TY CP H\u00c0NG H\u1ea2I TH\u0102NG LONG T\u1ed4 CH\u1ee8C H\u1ed8I NGH\u1eca T\u1ed4NG K\u1ebeT HO\u1ea0T \u0110\u1ed8NG S\u1ea2N XU\u1ea4T KINH DOANH N\u0102M 2023 , TRI\u1ec2N KHAI NHI\u1ec6M V\u1ee4 K\u1ebe HO\u1ea0CH N\u0102M 2024 V\u00c0 H\u1ed8I NGH\u1eca NG\u01af\u1edcI LAO \u0110\u1ed8NG<\/h4>\n<a href=\"https:\/\/old.tlmarine.vn\/?p=2820\">Read More &rarr;<\/a>\n<\/div>\n<\/li>\n<li><div class=\"box-date\"><span class=\"d\">15<\/span><span class=\"m\">Nov<\/span><\/div>\n<div class=\"box-wrapper\">\n<h4>C\u00f4ng ty C\u1ed5 ph\u1ea7n H\u00e0ng h\u1ea3i Th\u0103ng Long t\u1ed5 ch\u1ee9c kho\u00e1 \u0111\u00e0o t\u1ea1o \u0111\u00e1nh gi\u00e1 vi\u00ean &#8211; Internal Audit.<\/h4>\n<a href=\"https:\/\/old.tlmarine.vn\/?p=2745\">Read More &rarr;<\/a>\n<\/div>\n<\/li>\n<li><div class=\"box-date\"><span class=\"d\">03<\/span><span class=\"m\">Apr<\/span><\/div>\n<div class=\"box-wrapper\">\n<h4>TH\u01af M\u1edcI THAM D\u1ef0 \u0110\u1ea0I H\u1ed8I \u0110\u1ed2NG C\u1ed4 \u0110\u00d4NG TH\u01af\u1edcNG NI\u00caN N\u0102M 2024<\/h4>\n<a href=\"https:\/\/old.tlmarine.vn\/?p=2943\">Read More &rarr;<\/a>\n<\/div>\n<\/li>\n<li><div class=\"box-date\"><span class=\"d\">07<\/span><span class=\"m\">Mar<\/span><\/div>\n<div class=\"box-wrapper\">\n<h4>C\u00f4ng b\u1ed1 th\u00f4ng tin v\/v ch\u1ed1t danh s\u00e1ch c\u1ed5 \u0111\u00f4ng \u0111\u1ec3 t\u1ed5 ch\u1ee9c \u0110H\u0110C\u0110 th\u01b0\u1eddng ni\u00ean n\u0103m 2024<\/h4>\n<a href=\"https:\/\/old.tlmarine.vn\/?p=2912\">Read More &rarr;<\/a>\n<\/div>\n<\/li>\n<li><div class=\"box-date\"><span class=\"d\">08<\/span><span class=\"m\">Jan<\/span><\/div>\n<div class=\"box-wrapper\">\n<h4>T\u00c0U PVT HERA V\u00c0O M\u1ece R\u1ea0NG \u0110\u00d4NG NH\u1eacN H\u00c0NG M\u00d9A BI\u1ec2N \u0110\u1ed8NG<\/h4>\n<a href=\"https:\/\/old.tlmarine.vn\/?p=2898\">Read More &rarr;<\/a>\n<\/div>\n<\/li>\n<\/ul>\n<\/div>[\/vc_column][vc_column width=&#8221;1\/4&#8243;][vc_row_inner css=&#8221;.vc_custom_1415827232205{margin-bottom: 0px !important;padding-bottom: 0px !important;}&#8221;][vc_column_inner width=&#8221;1\/3&#8243;][vc_single_image image=&#8221;692&#8243; img_size=&#8221;full&#8221; alignment=&#8221;center&#8221; onclick=&#8221;custom_link&#8221; link=&#8221;#&#8221;][\/vc_column_inner][\/vc_row_inner][vc_separator][vc_row_inner css=&#8221;.vc_custom_1415826323628{margin-top: 0px !important;padding-top: 0px !important;}&#8221;][vc_column_inner width=&#8221;1\/3&#8243;][vc_single_image image=&#8221;701&#8243; img_size=&#8221;full&#8221; alignment=&#8221;center&#8221; onclick=&#8221;custom_link&#8221; link=&#8221;#&#8221;][\/vc_column_inner][\/vc_row_inner][\/vc_column][\/vc_row]<\/p>\n","protected":false},"excerpt":{"rendered":"<p>[vc_row gap=&#8221;30&#8243; row_fullwidth=&#8221;1&#8243; bg_parallax=&#8221;off&#8221; css=&#8221;.vc_custom_1634614915218{margin-top: 0px !important;margin-right: 0px !important;margin-bottom: 0px !important;margin-left: 0px !important;padding-top: 20px !important;padding-right: 5px !important;padding-bottom: 20px !important;padding-left: 5px !important;}&#8221;][vc_column width=&#8221;1\/4&#8243;][\/vc_column][vc_column width=&#8221;1\/4&#8243;][\/vc_column][vc_column width=&#8221;1\/4&#8243;][\/vc_column][vc_column width=&#8221;1\/4&#8243;][\/vc_column][\/vc_row][vc_row gap=&#8221;30&#8243; row_fullwidth=&#8221;1&#8243; bg_parallax=&#8221;off&#8221; css=&#8221;.vc_custom_1461015045074{margin-top: 0px [&hellip;]<\/p>\n","protected":false},"author":1,"featured_media":0,"parent":0,"menu_order":0,"comment_status":"open","ping_status":"open","template":"","meta":{"footnotes":""},"class_list":["post-1902","page","type-page","status-publish","hentry","cat-26-id"],"_links":{"self":[{"href":"https:\/\/old.tlmarine.vn\/index.php?rest_route=\/wp\/v2\/pages\/1902","targetHints":{"allow":["GET"]}}],"collection":[{"href":"https:\/\/old.tlmarine.vn\/index.php?rest_route=\/wp\/v2\/pages"}],"about":[{"href":"https:\/\/old.tlmarine.vn\/index.php?rest_route=\/wp\/v2\/types\/page"}],"author":[{"embeddable":true,"href":"https:\/\/old.tlmarine.vn\/index.php?rest_route=\/wp\/v2\/users\/1"}],"replies":[{"embeddable":true,"href":"https:\/\/old.tlmarine.vn\/index.php?rest_route=%2Fwp%2Fv2%2Fcomments&post=1902"}],"version-history":[{"count":19,"href":"https:\/\/old.tlmarine.vn\/index.php?rest_route=\/wp\/v2\/pages\/1902\/revisions"}],"predecessor-version":[{"id":2875,"href":"https:\/\/old.tlmarine.vn\/index.php?rest_route=\/wp\/v2\/pages\/1902\/revisions\/2875"}],"wp:attachment":[{"href":"https:\/\/old.tlmarine.vn\/index.php?rest_route=%2Fwp%2Fv2%2Fmedia&parent=1902"}],"curies":[{"name":"wp","href":"https:\/\/api.w.org\/{rel}","templated":true}]}}